{"id":3100,"date":"2026-04-25T11:28:27","date_gmt":"2026-04-25T09:28:27","guid":{"rendered":"https:\/\/mathieucote.art\/?post_type=product&#038;p=3100"},"modified":"2026-04-25T11:32:35","modified_gmt":"2026-04-25T09:32:35","slug":"le-sud-nino-ferrer","status":"publish","type":"product","link":"https:\/\/mathieucote.art\/index.php\/produit\/le-sud-nino-ferrer\/","title":{"rendered":"Le Sud  &#8211; Nino Ferrer (arrangement)"},"content":{"rendered":"","protected":false},"excerpt":{"rendered":"<p data-start=\"99\" data-end=\"273\"><strong data-start=\"99\" data-end=\"142\">Arrangement pour piano \u2013 Nino Ferrer<\/strong><br data-start=\"142\" data-end=\"145\" \/>Cet arrangement transforme ce chef-d\u2019\u0153uvre en une pi\u00e8ce unique pour piano solo et au plus pr\u00e8s des sonorit\u00e9s de la version original!<\/p>\n<p data-start=\"277\" data-end=\"322\"><strong data-start=\"277\" data-end=\"287\">Niveau<\/strong> : interm\u00e9diaire<\/p>\n<p data-start=\"325\" data-end=\"350\"><strong data-start=\"325\" data-end=\"344\">Nombre de pages<\/strong> : 3<\/p>\n[embed]https:\/\/youtube.com\/shorts\/Yfcw9ZLTjWc?feature=share[\/embed]\n<p data-start=\"353\" data-end=\"421\"><strong data-start=\"353\" data-end=\"371\">\u00a0 \u00a0 \u00a0 \u00a0 \u00a0 \u00a0 \u00a0\u00a0<\/strong><\/p>\n","protected":false},"featured_media":3101,"comment_status":"open","ping_status":"closed","template":"","meta":[],"product_brand":[],"product_cat":[52],"product_tag":[],"class_list":{"0":"post-3100","1":"product","2":"type-product","3":"status-publish","4":"has-post-thumbnail","6":"product_cat-telechargeables","8":"first","9":"instock","10":"downloadable","11":"virtual","12":"purchasable","13":"product-type-simple","14":"new","15":"layout-style-1","16":"col-md-4 col-sm-4 col-xs-6","17":"col-lg-3","18":"product-has-gallery","19":"product-style-default"},"yoast_head":"<!-- This site is optimized with the Yoast SEO plugin v27.3 - https:\/\/yoast.com\/product\/yoast-seo-wordpress\/ -->\n<title>Le Sud - Nino Ferrer (arrangement) - Mathieu Cot\u00e9<\/title>\n<meta name=\"description\" content=\"Le Sud de Nino Ferrer. Red\u00e9couvrez cette chanson \u00e0 travers un arrangement pour piano solo \u00e9quilibr\u00e9 qui fera sifflot\u00e9 votre entourage!\" \/>\n<meta name=\"robots\" content=\"index, follow, max-snippet:-1, max-image-preview:large, max-video-preview:-1\" \/>\n<link rel=\"canonical\" href=\"https:\/\/mathieucote.art\/index.php\/produit\/le-sud-nino-ferrer\/\" \/>\n<meta property=\"og:locale\" content=\"fr_FR\" \/>\n<meta property=\"og:type\" content=\"article\" \/>\n<meta property=\"og:title\" content=\"Le Sud - Nino Ferrer (arrangement) - Mathieu Cot\u00e9\" \/>\n<meta property=\"og:description\" content=\"Le Sud de Nino Ferrer. Red\u00e9couvrez cette chanson \u00e0 travers un arrangement pour piano solo \u00e9quilibr\u00e9 qui fera sifflot\u00e9 votre entourage!\" \/>\n<meta property=\"og:url\" content=\"https:\/\/mathieucote.art\/index.php\/produit\/le-sud-nino-ferrer\/\" \/>\n<meta property=\"og:site_name\" content=\"Mathieu Cot\u00e9\" \/>\n<meta property=\"article:modified_time\" content=\"2026-04-25T09:32:35+00:00\" \/>\n<meta property=\"og:image\" content=\"http:\/\/mathieucote.art\/wp-content\/uploads\/2026\/04\/Le-Sud.png\" \/>\n\t<meta property=\"og:image:width\" content=\"1347\" \/>\n\t<meta property=\"og:image:height\" content=\"943\" \/>\n\t<meta property=\"og:image:type\" content=\"image\/png\" \/>\n<meta name=\"twitter:card\" content=\"summary_large_image\" \/>\n<meta name=\"twitter:label1\" content=\"Dur\u00e9e de lecture estim\u00e9e\" \/>\n\t<meta name=\"twitter:data1\" content=\"1 minute\" \/>\n<script type=\"application\/ld+json\" class=\"yoast-schema-graph\">{\"@context\":\"https:\\\/\\\/schema.org\",\"@graph\":[{\"@type\":\"WebPage\",\"@id\":\"https:\\\/\\\/mathieucote.art\\\/index.php\\\/produit\\\/le-sud-nino-ferrer\\\/\",\"url\":\"https:\\\/\\\/mathieucote.art\\\/index.php\\\/produit\\\/le-sud-nino-ferrer\\\/\",\"name\":\"Le Sud - Nino Ferrer (arrangement) - Mathieu Cot\u00e9\",\"isPartOf\":{\"@id\":\"https:\\\/\\\/mathieucote.art\\\/#website\"},\"primaryImageOfPage\":{\"@id\":\"https:\\\/\\\/mathieucote.art\\\/index.php\\\/produit\\\/le-sud-nino-ferrer\\\/#primaryimage\"},\"image\":{\"@id\":\"https:\\\/\\\/mathieucote.art\\\/index.php\\\/produit\\\/le-sud-nino-ferrer\\\/#primaryimage\"},\"thumbnailUrl\":\"https:\\\/\\\/mathieucote.art\\\/wp-content\\\/uploads\\\/2026\\\/04\\\/Le-Sud.png\",\"datePublished\":\"2026-04-25T09:28:27+00:00\",\"dateModified\":\"2026-04-25T09:32:35+00:00\",\"description\":\"Le Sud de Nino Ferrer. Red\u00e9couvrez cette chanson \u00e0 travers un arrangement pour piano solo \u00e9quilibr\u00e9 qui fera sifflot\u00e9 votre entourage!\",\"breadcrumb\":{\"@id\":\"https:\\\/\\\/mathieucote.art\\\/index.php\\\/produit\\\/le-sud-nino-ferrer\\\/#breadcrumb\"},\"inLanguage\":\"fr-FR\",\"potentialAction\":[{\"@type\":\"ReadAction\",\"target\":[\"https:\\\/\\\/mathieucote.art\\\/index.php\\\/produit\\\/le-sud-nino-ferrer\\\/\"]}]},{\"@type\":\"ImageObject\",\"inLanguage\":\"fr-FR\",\"@id\":\"https:\\\/\\\/mathieucote.art\\\/index.php\\\/produit\\\/le-sud-nino-ferrer\\\/#primaryimage\",\"url\":\"https:\\\/\\\/mathieucote.art\\\/wp-content\\\/uploads\\\/2026\\\/04\\\/Le-Sud.png\",\"contentUrl\":\"https:\\\/\\\/mathieucote.art\\\/wp-content\\\/uploads\\\/2026\\\/04\\\/Le-Sud.png\",\"width\":1347,\"height\":943},{\"@type\":\"BreadcrumbList\",\"@id\":\"https:\\\/\\\/mathieucote.art\\\/index.php\\\/produit\\\/le-sud-nino-ferrer\\\/#breadcrumb\",\"itemListElement\":[{\"@type\":\"ListItem\",\"position\":1,\"name\":\"Accueil\",\"item\":\"https:\\\/\\\/mathieucote.art\\\/\"},{\"@type\":\"ListItem\",\"position\":2,\"name\":\"Boutique\",\"item\":\"https:\\\/\\\/mathieucote.art\\\/index.php\\\/boutique-piano-partition-original\\\/\"},{\"@type\":\"ListItem\",\"position\":3,\"name\":\"Le Sud &#8211; Nino Ferrer (arrangement)\"}]},{\"@type\":\"WebSite\",\"@id\":\"https:\\\/\\\/mathieucote.art\\\/#website\",\"url\":\"https:\\\/\\\/mathieucote.art\\\/\",\"name\":\"Mathieu Cot\u00e9\",\"description\":\"Des notes pour r\u00eaver\",\"potentialAction\":[{\"@type\":\"SearchAction\",\"target\":{\"@type\":\"EntryPoint\",\"urlTemplate\":\"https:\\\/\\\/mathieucote.art\\\/?s={search_term_string}\"},\"query-input\":{\"@type\":\"PropertyValueSpecification\",\"valueRequired\":true,\"valueName\":\"search_term_string\"}}],\"inLanguage\":\"fr-FR\"}]}<\/script>\n<!-- \/ Yoast SEO plugin. -->","yoast_head_json":{"title":"Le Sud - Nino Ferrer (arrangement) - Mathieu Cot\u00e9","description":"Le Sud de Nino Ferrer. Red\u00e9couvrez cette chanson \u00e0 travers un arrangement pour piano solo \u00e9quilibr\u00e9 qui fera sifflot\u00e9 votre entourage!","robots":{"index":"index","follow":"follow","max-snippet":"max-snippet:-1","max-image-preview":"max-image-preview:large","max-video-preview":"max-video-preview:-1"},"canonical":"https:\/\/mathieucote.art\/index.php\/produit\/le-sud-nino-ferrer\/","og_locale":"fr_FR","og_type":"article","og_title":"Le Sud - Nino Ferrer (arrangement) - Mathieu Cot\u00e9","og_description":"Le Sud de Nino Ferrer. Red\u00e9couvrez cette chanson \u00e0 travers un arrangement pour piano solo \u00e9quilibr\u00e9 qui fera sifflot\u00e9 votre entourage!","og_url":"https:\/\/mathieucote.art\/index.php\/produit\/le-sud-nino-ferrer\/","og_site_name":"Mathieu Cot\u00e9","article_modified_time":"2026-04-25T09:32:35+00:00","og_image":[{"width":1347,"height":943,"url":"http:\/\/mathieucote.art\/wp-content\/uploads\/2026\/04\/Le-Sud.png","type":"image\/png"}],"twitter_card":"summary_large_image","twitter_misc":{"Dur\u00e9e de lecture estim\u00e9e":"1 minute"},"schema":{"@context":"https:\/\/schema.org","@graph":[{"@type":"WebPage","@id":"https:\/\/mathieucote.art\/index.php\/produit\/le-sud-nino-ferrer\/","url":"https:\/\/mathieucote.art\/index.php\/produit\/le-sud-nino-ferrer\/","name":"Le Sud - Nino Ferrer (arrangement) - Mathieu Cot\u00e9","isPartOf":{"@id":"https:\/\/mathieucote.art\/#website"},"primaryImageOfPage":{"@id":"https:\/\/mathieucote.art\/index.php\/produit\/le-sud-nino-ferrer\/#primaryimage"},"image":{"@id":"https:\/\/mathieucote.art\/index.php\/produit\/le-sud-nino-ferrer\/#primaryimage"},"thumbnailUrl":"https:\/\/mathieucote.art\/wp-content\/uploads\/2026\/04\/Le-Sud.png","datePublished":"2026-04-25T09:28:27+00:00","dateModified":"2026-04-25T09:32:35+00:00","description":"Le Sud de Nino Ferrer. Red\u00e9couvrez cette chanson \u00e0 travers un arrangement pour piano solo \u00e9quilibr\u00e9 qui fera sifflot\u00e9 votre entourage!","breadcrumb":{"@id":"https:\/\/mathieucote.art\/index.php\/produit\/le-sud-nino-ferrer\/#breadcrumb"},"inLanguage":"fr-FR","potentialAction":[{"@type":"ReadAction","target":["https:\/\/mathieucote.art\/index.php\/produit\/le-sud-nino-ferrer\/"]}]},{"@type":"ImageObject","inLanguage":"fr-FR","@id":"https:\/\/mathieucote.art\/index.php\/produit\/le-sud-nino-ferrer\/#primaryimage","url":"https:\/\/mathieucote.art\/wp-content\/uploads\/2026\/04\/Le-Sud.png","contentUrl":"https:\/\/mathieucote.art\/wp-content\/uploads\/2026\/04\/Le-Sud.png","width":1347,"height":943},{"@type":"BreadcrumbList","@id":"https:\/\/mathieucote.art\/index.php\/produit\/le-sud-nino-ferrer\/#breadcrumb","itemListElement":[{"@type":"ListItem","position":1,"name":"Accueil","item":"https:\/\/mathieucote.art\/"},{"@type":"ListItem","position":2,"name":"Boutique","item":"https:\/\/mathieucote.art\/index.php\/boutique-piano-partition-original\/"},{"@type":"ListItem","position":3,"name":"Le Sud &#8211; Nino Ferrer (arrangement)"}]},{"@type":"WebSite","@id":"https:\/\/mathieucote.art\/#website","url":"https:\/\/mathieucote.art\/","name":"Mathieu Cot\u00e9","description":"Des notes pour r\u00eaver","potentialAction":[{"@type":"SearchAction","target":{"@type":"EntryPoint","urlTemplate":"https:\/\/mathieucote.art\/?s={search_term_string}"},"query-input":{"@type":"PropertyValueSpecification","valueRequired":true,"valueName":"search_term_string"}}],"inLanguage":"fr-FR"}]}},"jetpack_sharing_enabled":true,"_links":{"self":[{"href":"https:\/\/mathieucote.art\/index.php\/wp-json\/wp\/v2\/product\/3100","targetHints":{"allow":["GET"]}}],"collection":[{"href":"https:\/\/mathieucote.art\/index.php\/wp-json\/wp\/v2\/product"}],"about":[{"href":"https:\/\/mathieucote.art\/index.php\/wp-json\/wp\/v2\/types\/product"}],"replies":[{"embeddable":true,"href":"https:\/\/mathieucote.art\/index.php\/wp-json\/wp\/v2\/comments?post=3100"}],"wp:featuredmedia":[{"embeddable":true,"href":"https:\/\/mathieucote.art\/index.php\/wp-json\/wp\/v2\/media\/3101"}],"wp:attachment":[{"href":"https:\/\/mathieucote.art\/index.php\/wp-json\/wp\/v2\/media?parent=3100"}],"wp:term":[{"taxonomy":"product_brand","embeddable":true,"href":"https:\/\/mathieucote.art\/index.php\/wp-json\/wp\/v2\/product_brand?post=3100"},{"taxonomy":"product_cat","embeddable":true,"href":"https:\/\/mathieucote.art\/index.php\/wp-json\/wp\/v2\/product_cat?post=3100"},{"taxonomy":"product_tag","embeddable":true,"href":"https:\/\/mathieucote.art\/index.php\/wp-json\/wp\/v2\/product_tag?post=3100"}],"curies":[{"name":"wp","href":"https:\/\/api.w.org\/{rel}","templated":true}]}}