{"id":3091,"date":"2026-03-28T21:22:43","date_gmt":"2026-03-28T20:22:43","guid":{"rendered":"https:\/\/mathieucote.art\/?post_type=product&#038;p=3091"},"modified":"2026-03-28T21:38:05","modified_gmt":"2026-03-28T20:38:05","slug":"mar-azul-arrangement-piano","status":"publish","type":"product","link":"https:\/\/mathieucote.art\/index.php\/produit\/mar-azul-arrangement-piano\/","title":{"rendered":"Mar Azul-  avec arrangement notation doigt\u00e9s"},"content":{"rendered":"","protected":false},"excerpt":{"rendered":"<p data-start=\"99\" data-end=\"273\"><strong data-start=\"99\" data-end=\"142\">Arrangement pour piano \u2013 C\u00e9\u00adsaria \u00c9vora<\/strong><br data-start=\"142\" data-end=\"145\" \/>\u00a0s\u2019adresse au pianiste exigeant et constitue une pi\u00e8ce unique pour piano solo.<\/p>\n<p data-start=\"277\" data-end=\"322\"><strong data-start=\"277\" data-end=\"287\">Niveau<\/strong> : interm\u00e9diaire<\/p>\n<p data-start=\"325\" data-end=\"350\"><strong data-start=\"325\" data-end=\"344\">Nombre de pages<\/strong> : 3<\/p>\n","protected":false},"featured_media":3094,"comment_status":"open","ping_status":"closed","template":"","meta":[],"product_brand":[],"product_cat":[52],"product_tag":[],"class_list":{"0":"post-3091","1":"product","2":"type-product","3":"status-publish","4":"has-post-thumbnail","6":"product_cat-telechargeables","8":"first","9":"instock","10":"downloadable","11":"virtual","12":"purchasable","13":"product-type-simple","14":"layout-style-1","15":"col-md-4 col-sm-4 col-xs-6","16":"col-lg-3","17":"product-has-gallery","18":"product-style-default"},"yoast_head":"<!-- This site is optimized with the Yoast SEO plugin v27.2 - https:\/\/yoast.com\/product\/yoast-seo-wordpress\/ -->\n<title>Mar Azul- avec arrangement notation doigt\u00e9s - Mathieu Cot\u00e9<\/title>\n<meta name=\"description\" content=\"Arrangement pour piano inspir\u00e9 de la version chant\u00e9e de C\u00e9\u00adsaria \u00c9vora. Cet arrangement transforme ce chef-d\u2019\u0153uvre en une pi\u00e8ce pour piano unique.\" \/>\n<meta name=\"robots\" content=\"index, follow, max-snippet:-1, max-image-preview:large, max-video-preview:-1\" \/>\n<link rel=\"canonical\" href=\"https:\/\/mathieucote.art\/index.php\/produit\/mar-azul-arrangement-piano\/\" \/>\n<meta property=\"og:locale\" content=\"fr_FR\" \/>\n<meta property=\"og:type\" content=\"article\" \/>\n<meta property=\"og:title\" content=\"Mar Azul- avec arrangement notation doigt\u00e9s - Mathieu Cot\u00e9\" \/>\n<meta property=\"og:description\" content=\"Arrangement pour piano inspir\u00e9 de la version chant\u00e9e de C\u00e9\u00adsaria \u00c9vora. Cet arrangement transforme ce chef-d\u2019\u0153uvre en une pi\u00e8ce pour piano unique.\" \/>\n<meta property=\"og:url\" content=\"https:\/\/mathieucote.art\/index.php\/produit\/mar-azul-arrangement-piano\/\" \/>\n<meta property=\"og:site_name\" content=\"Mathieu Cot\u00e9\" \/>\n<meta property=\"article:modified_time\" content=\"2026-03-28T20:38:05+00:00\" \/>\n<meta property=\"og:image\" content=\"http:\/\/mathieucote.art\/wp-content\/uploads\/2026\/03\/Capture-decran-968.png\" \/>\n\t<meta property=\"og:image:width\" content=\"1010\" \/>\n\t<meta property=\"og:image:height\" content=\"929\" \/>\n\t<meta property=\"og:image:type\" content=\"image\/png\" \/>\n<meta name=\"twitter:card\" content=\"summary_large_image\" \/>\n<meta name=\"twitter:label1\" content=\"Dur\u00e9e de lecture estim\u00e9e\" \/>\n\t<meta name=\"twitter:data1\" content=\"1 minute\" \/>\n<script type=\"application\/ld+json\" class=\"yoast-schema-graph\">{\"@context\":\"https:\/\/schema.org\",\"@graph\":[{\"@type\":\"WebPage\",\"@id\":\"https:\/\/mathieucote.art\/index.php\/produit\/mar-azul-arrangement-piano\/\",\"url\":\"https:\/\/mathieucote.art\/index.php\/produit\/mar-azul-arrangement-piano\/\",\"name\":\"Mar Azul- avec arrangement notation doigt\u00e9s - Mathieu Cot\u00e9\",\"isPartOf\":{\"@id\":\"https:\/\/mathieucote.art\/#website\"},\"primaryImageOfPage\":{\"@id\":\"https:\/\/mathieucote.art\/index.php\/produit\/mar-azul-arrangement-piano\/#primaryimage\"},\"image\":{\"@id\":\"https:\/\/mathieucote.art\/index.php\/produit\/mar-azul-arrangement-piano\/#primaryimage\"},\"thumbnailUrl\":\"https:\/\/mathieucote.art\/wp-content\/uploads\/2026\/03\/Capture-decran-968.png\",\"datePublished\":\"2026-03-28T20:22:43+00:00\",\"dateModified\":\"2026-03-28T20:38:05+00:00\",\"description\":\"Arrangement pour piano inspir\u00e9 de la version chant\u00e9e de C\u00e9\u00adsaria \u00c9vora. Cet arrangement transforme ce chef-d\u2019\u0153uvre en une pi\u00e8ce pour piano unique.\",\"breadcrumb\":{\"@id\":\"https:\/\/mathieucote.art\/index.php\/produit\/mar-azul-arrangement-piano\/#breadcrumb\"},\"inLanguage\":\"fr-FR\",\"potentialAction\":[{\"@type\":\"ReadAction\",\"target\":[\"https:\/\/mathieucote.art\/index.php\/produit\/mar-azul-arrangement-piano\/\"]}]},{\"@type\":\"ImageObject\",\"inLanguage\":\"fr-FR\",\"@id\":\"https:\/\/mathieucote.art\/index.php\/produit\/mar-azul-arrangement-piano\/#primaryimage\",\"url\":\"https:\/\/mathieucote.art\/wp-content\/uploads\/2026\/03\/Capture-decran-968.png\",\"contentUrl\":\"https:\/\/mathieucote.art\/wp-content\/uploads\/2026\/03\/Capture-decran-968.png\",\"width\":1010,\"height\":929},{\"@type\":\"BreadcrumbList\",\"@id\":\"https:\/\/mathieucote.art\/index.php\/produit\/mar-azul-arrangement-piano\/#breadcrumb\",\"itemListElement\":[{\"@type\":\"ListItem\",\"position\":1,\"name\":\"Accueil\",\"item\":\"https:\/\/mathieucote.art\/\"},{\"@type\":\"ListItem\",\"position\":2,\"name\":\"Boutique\",\"item\":\"https:\/\/mathieucote.art\/index.php\/boutique-piano-partition-original\/\"},{\"@type\":\"ListItem\",\"position\":3,\"name\":\"Mar Azul- avec arrangement notation doigt\u00e9s\"}]},{\"@type\":\"WebSite\",\"@id\":\"https:\/\/mathieucote.art\/#website\",\"url\":\"https:\/\/mathieucote.art\/\",\"name\":\"Mathieu Cot\u00e9\",\"description\":\"Des notes pour r\u00eaver\",\"potentialAction\":[{\"@type\":\"SearchAction\",\"target\":{\"@type\":\"EntryPoint\",\"urlTemplate\":\"https:\/\/mathieucote.art\/?s={search_term_string}\"},\"query-input\":{\"@type\":\"PropertyValueSpecification\",\"valueRequired\":true,\"valueName\":\"search_term_string\"}}],\"inLanguage\":\"fr-FR\"}]}<\/script>\n<!-- \/ Yoast SEO plugin. -->","yoast_head_json":{"title":"Mar Azul- avec arrangement notation doigt\u00e9s - Mathieu Cot\u00e9","description":"Arrangement pour piano inspir\u00e9 de la version chant\u00e9e de C\u00e9\u00adsaria \u00c9vora. Cet arrangement transforme ce chef-d\u2019\u0153uvre en une pi\u00e8ce pour piano unique.","robots":{"index":"index","follow":"follow","max-snippet":"max-snippet:-1","max-image-preview":"max-image-preview:large","max-video-preview":"max-video-preview:-1"},"canonical":"https:\/\/mathieucote.art\/index.php\/produit\/mar-azul-arrangement-piano\/","og_locale":"fr_FR","og_type":"article","og_title":"Mar Azul- avec arrangement notation doigt\u00e9s - Mathieu Cot\u00e9","og_description":"Arrangement pour piano inspir\u00e9 de la version chant\u00e9e de C\u00e9\u00adsaria \u00c9vora. Cet arrangement transforme ce chef-d\u2019\u0153uvre en une pi\u00e8ce pour piano unique.","og_url":"https:\/\/mathieucote.art\/index.php\/produit\/mar-azul-arrangement-piano\/","og_site_name":"Mathieu Cot\u00e9","article_modified_time":"2026-03-28T20:38:05+00:00","og_image":[{"width":1010,"height":929,"url":"http:\/\/mathieucote.art\/wp-content\/uploads\/2026\/03\/Capture-decran-968.png","type":"image\/png"}],"twitter_card":"summary_large_image","twitter_misc":{"Dur\u00e9e de lecture estim\u00e9e":"1 minute"},"schema":{"@context":"https:\/\/schema.org","@graph":[{"@type":"WebPage","@id":"https:\/\/mathieucote.art\/index.php\/produit\/mar-azul-arrangement-piano\/","url":"https:\/\/mathieucote.art\/index.php\/produit\/mar-azul-arrangement-piano\/","name":"Mar Azul- avec arrangement notation doigt\u00e9s - Mathieu Cot\u00e9","isPartOf":{"@id":"https:\/\/mathieucote.art\/#website"},"primaryImageOfPage":{"@id":"https:\/\/mathieucote.art\/index.php\/produit\/mar-azul-arrangement-piano\/#primaryimage"},"image":{"@id":"https:\/\/mathieucote.art\/index.php\/produit\/mar-azul-arrangement-piano\/#primaryimage"},"thumbnailUrl":"https:\/\/mathieucote.art\/wp-content\/uploads\/2026\/03\/Capture-decran-968.png","datePublished":"2026-03-28T20:22:43+00:00","dateModified":"2026-03-28T20:38:05+00:00","description":"Arrangement pour piano inspir\u00e9 de la version chant\u00e9e de C\u00e9\u00adsaria \u00c9vora. Cet arrangement transforme ce chef-d\u2019\u0153uvre en une pi\u00e8ce pour piano unique.","breadcrumb":{"@id":"https:\/\/mathieucote.art\/index.php\/produit\/mar-azul-arrangement-piano\/#breadcrumb"},"inLanguage":"fr-FR","potentialAction":[{"@type":"ReadAction","target":["https:\/\/mathieucote.art\/index.php\/produit\/mar-azul-arrangement-piano\/"]}]},{"@type":"ImageObject","inLanguage":"fr-FR","@id":"https:\/\/mathieucote.art\/index.php\/produit\/mar-azul-arrangement-piano\/#primaryimage","url":"https:\/\/mathieucote.art\/wp-content\/uploads\/2026\/03\/Capture-decran-968.png","contentUrl":"https:\/\/mathieucote.art\/wp-content\/uploads\/2026\/03\/Capture-decran-968.png","width":1010,"height":929},{"@type":"BreadcrumbList","@id":"https:\/\/mathieucote.art\/index.php\/produit\/mar-azul-arrangement-piano\/#breadcrumb","itemListElement":[{"@type":"ListItem","position":1,"name":"Accueil","item":"https:\/\/mathieucote.art\/"},{"@type":"ListItem","position":2,"name":"Boutique","item":"https:\/\/mathieucote.art\/index.php\/boutique-piano-partition-original\/"},{"@type":"ListItem","position":3,"name":"Mar Azul- avec arrangement notation doigt\u00e9s"}]},{"@type":"WebSite","@id":"https:\/\/mathieucote.art\/#website","url":"https:\/\/mathieucote.art\/","name":"Mathieu Cot\u00e9","description":"Des notes pour r\u00eaver","potentialAction":[{"@type":"SearchAction","target":{"@type":"EntryPoint","urlTemplate":"https:\/\/mathieucote.art\/?s={search_term_string}"},"query-input":{"@type":"PropertyValueSpecification","valueRequired":true,"valueName":"search_term_string"}}],"inLanguage":"fr-FR"}]}},"jetpack_sharing_enabled":true,"_links":{"self":[{"href":"https:\/\/mathieucote.art\/index.php\/wp-json\/wp\/v2\/product\/3091","targetHints":{"allow":["GET"]}}],"collection":[{"href":"https:\/\/mathieucote.art\/index.php\/wp-json\/wp\/v2\/product"}],"about":[{"href":"https:\/\/mathieucote.art\/index.php\/wp-json\/wp\/v2\/types\/product"}],"replies":[{"embeddable":true,"href":"https:\/\/mathieucote.art\/index.php\/wp-json\/wp\/v2\/comments?post=3091"}],"wp:featuredmedia":[{"embeddable":true,"href":"https:\/\/mathieucote.art\/index.php\/wp-json\/wp\/v2\/media\/3094"}],"wp:attachment":[{"href":"https:\/\/mathieucote.art\/index.php\/wp-json\/wp\/v2\/media?parent=3091"}],"wp:term":[{"taxonomy":"product_brand","embeddable":true,"href":"https:\/\/mathieucote.art\/index.php\/wp-json\/wp\/v2\/product_brand?post=3091"},{"taxonomy":"product_cat","embeddable":true,"href":"https:\/\/mathieucote.art\/index.php\/wp-json\/wp\/v2\/product_cat?post=3091"},{"taxonomy":"product_tag","embeddable":true,"href":"https:\/\/mathieucote.art\/index.php\/wp-json\/wp\/v2\/product_tag?post=3091"}],"curies":[{"name":"wp","href":"https:\/\/api.w.org\/{rel}","templated":true}]}}