{"id":3021,"date":"2025-11-20T12:10:34","date_gmt":"2025-11-20T11:10:34","guid":{"rendered":"https:\/\/mathieucote.art\/?post_type=product&#038;p=3021"},"modified":"2025-11-20T12:08:01","modified_gmt":"2025-11-20T11:08:01","slug":"balade-avec-gopala","status":"publish","type":"product","link":"https:\/\/mathieucote.art\/index.php\/produit\/balade-avec-gopala\/","title":{"rendered":"Balade avec Gop\u0101la"},"content":{"rendered":"<p>&nbsp;<\/p>\n<p>&nbsp;<\/p>\n<p>&nbsp;<\/p>\n","protected":false},"excerpt":{"rendered":"<p data-start=\"323\" data-end=\"649\">Cette <strong data-start=\"357\" data-end=\"396\">partition originale pour piano solo<\/strong>, issue de la collection <strong data-start=\"421\" data-end=\"435\">\u00ab\u202fVoyage\u202f\u00bb<\/strong>, vous transporte en Inde, aux c\u00f4t\u00e9s du jeune Krishna.<br data-start=\"489\" data-end=\"492\" \/>L\u2019ouverture est douce et d\u00e9licate, suivie d\u2019un th\u00e8me vif aux parfums d\u2019eau et de for\u00eat, avant un final effervescent c\u00e9l\u00e9brant l\u2019insouciance de la jeunesse.<br \/>\nTout \u00e7a propos\u00e9 dans un format court, id\u00e9al pour les \u00e9tudiants en piano!<\/p>\n<ul data-start=\"651\" data-end=\"799\">\n<li data-start=\"651\" data-end=\"686\">\n<p data-start=\"653\" data-end=\"686\"><strong data-start=\"653\" data-end=\"665\">Format :<\/strong> feuillet \u00e0 l\u2019unit\u00e9<\/p>\n<\/li>\n<li data-start=\"687\" data-end=\"714\">\n<p data-start=\"689\" data-end=\"714\"><strong data-start=\"689\" data-end=\"710\">Nombre de pages :<\/strong> 2<\/p>\n<\/li>\n<li data-start=\"715\" data-end=\"799\">\n<p data-start=\"717\" data-end=\"799\"><strong data-start=\"717\" data-end=\"727\">Type :<\/strong> partition num\u00e9rique, t\u00e9l\u00e9chargement imm\u00e9diat et impression \u00e0 domicile<\/p>\n<\/li>\n<\/ul>\n<p>&nbsp;<\/p>\n[audio wav=\"http:\/\/mathieucote.art\/wp-content\/uploads\/2016\/07\/La_balade_avec_Gopala-extrait.wav\"][\/audio]\n<p>&nbsp;<\/p>\n","protected":false},"featured_media":3024,"comment_status":"open","ping_status":"closed","template":"","meta":[],"product_brand":[],"product_cat":[52],"product_tag":[],"class_list":{"0":"post-3021","1":"product","2":"type-product","3":"status-publish","4":"has-post-thumbnail","6":"product_cat-telechargeables","8":"first","9":"instock","10":"downloadable","11":"virtual","12":"purchasable","13":"product-type-simple","14":"layout-style-1","15":"col-md-4 col-sm-4 col-xs-6","16":"col-lg-3","17":"product-has-gallery","18":"product-style-default"},"yoast_head":"<!-- This site is optimized with the Yoast SEO plugin v27.2 - https:\/\/yoast.com\/product\/yoast-seo-wordpress\/ -->\n<title>Balade avec Gop\u0101la - Mathieu Cot\u00e9<\/title>\n<meta name=\"description\" content=\"Une partition originale pour piano solo, inspir\u00e9e de la musique indienne. Voyage imminent au rythme des m\u00e9lodies envo\u00fbtantes de l\u2019Inde !\" \/>\n<meta name=\"robots\" content=\"index, follow, max-snippet:-1, max-image-preview:large, max-video-preview:-1\" \/>\n<link rel=\"canonical\" href=\"https:\/\/mathieucote.art\/index.php\/produit\/balade-avec-gopala\/\" \/>\n<meta property=\"og:locale\" content=\"fr_FR\" \/>\n<meta property=\"og:type\" content=\"article\" \/>\n<meta property=\"og:title\" content=\"Balade avec Gop\u0101la - Mathieu Cot\u00e9\" \/>\n<meta property=\"og:description\" content=\"Une partition originale pour piano solo, inspir\u00e9e de la musique indienne. Voyage imminent au rythme des m\u00e9lodies envo\u00fbtantes de l\u2019Inde !\" \/>\n<meta property=\"og:url\" content=\"https:\/\/mathieucote.art\/index.php\/produit\/balade-avec-gopala\/\" \/>\n<meta property=\"og:site_name\" content=\"Mathieu Cot\u00e9\" \/>\n<meta property=\"og:image\" content=\"https:\/\/mathieucote.art\/wp-content\/uploads\/2025\/11\/Inde-texte.png\" \/>\n\t<meta property=\"og:image:width\" content=\"1343\" \/>\n\t<meta property=\"og:image:height\" content=\"899\" \/>\n\t<meta property=\"og:image:type\" content=\"image\/png\" \/>\n<meta name=\"twitter:card\" content=\"summary_large_image\" \/>\n<meta name=\"twitter:label1\" content=\"Dur\u00e9e de lecture estim\u00e9e\" \/>\n\t<meta name=\"twitter:data1\" content=\"1 minute\" \/>\n<script type=\"application\/ld+json\" class=\"yoast-schema-graph\">{\"@context\":\"https:\/\/schema.org\",\"@graph\":[{\"@type\":\"WebPage\",\"@id\":\"https:\/\/mathieucote.art\/index.php\/produit\/balade-avec-gopala\/\",\"url\":\"https:\/\/mathieucote.art\/index.php\/produit\/balade-avec-gopala\/\",\"name\":\"Balade avec Gop\u0101la - Mathieu Cot\u00e9\",\"isPartOf\":{\"@id\":\"https:\/\/mathieucote.art\/#website\"},\"primaryImageOfPage\":{\"@id\":\"https:\/\/mathieucote.art\/index.php\/produit\/balade-avec-gopala\/#primaryimage\"},\"image\":{\"@id\":\"https:\/\/mathieucote.art\/index.php\/produit\/balade-avec-gopala\/#primaryimage\"},\"thumbnailUrl\":\"https:\/\/mathieucote.art\/wp-content\/uploads\/2025\/11\/Inde-texte.png\",\"datePublished\":\"2025-11-20T11:10:34+00:00\",\"description\":\"Une partition originale pour piano solo, inspir\u00e9e de la musique indienne. Voyage imminent au rythme des m\u00e9lodies envo\u00fbtantes de l\u2019Inde !\",\"breadcrumb\":{\"@id\":\"https:\/\/mathieucote.art\/index.php\/produit\/balade-avec-gopala\/#breadcrumb\"},\"inLanguage\":\"fr-FR\",\"potentialAction\":[{\"@type\":\"ReadAction\",\"target\":[\"https:\/\/mathieucote.art\/index.php\/produit\/balade-avec-gopala\/\"]}]},{\"@type\":\"ImageObject\",\"inLanguage\":\"fr-FR\",\"@id\":\"https:\/\/mathieucote.art\/index.php\/produit\/balade-avec-gopala\/#primaryimage\",\"url\":\"https:\/\/mathieucote.art\/wp-content\/uploads\/2025\/11\/Inde-texte.png\",\"contentUrl\":\"https:\/\/mathieucote.art\/wp-content\/uploads\/2025\/11\/Inde-texte.png\",\"width\":1343,\"height\":899},{\"@type\":\"BreadcrumbList\",\"@id\":\"https:\/\/mathieucote.art\/index.php\/produit\/balade-avec-gopala\/#breadcrumb\",\"itemListElement\":[{\"@type\":\"ListItem\",\"position\":1,\"name\":\"Accueil\",\"item\":\"https:\/\/mathieucote.art\/\"},{\"@type\":\"ListItem\",\"position\":2,\"name\":\"Boutique\",\"item\":\"https:\/\/mathieucote.art\/index.php\/boutique-piano-partition-original\/\"},{\"@type\":\"ListItem\",\"position\":3,\"name\":\"Balade avec Gop\u0101la\"}]},{\"@type\":\"WebSite\",\"@id\":\"https:\/\/mathieucote.art\/#website\",\"url\":\"https:\/\/mathieucote.art\/\",\"name\":\"Mathieu Cot\u00e9\",\"description\":\"Des notes pour r\u00eaver\",\"potentialAction\":[{\"@type\":\"SearchAction\",\"target\":{\"@type\":\"EntryPoint\",\"urlTemplate\":\"https:\/\/mathieucote.art\/?s={search_term_string}\"},\"query-input\":{\"@type\":\"PropertyValueSpecification\",\"valueRequired\":true,\"valueName\":\"search_term_string\"}}],\"inLanguage\":\"fr-FR\"}]}<\/script>\n<!-- \/ Yoast SEO plugin. -->","yoast_head_json":{"title":"Balade avec Gop\u0101la - Mathieu Cot\u00e9","description":"Une partition originale pour piano solo, inspir\u00e9e de la musique indienne. Voyage imminent au rythme des m\u00e9lodies envo\u00fbtantes de l\u2019Inde !","robots":{"index":"index","follow":"follow","max-snippet":"max-snippet:-1","max-image-preview":"max-image-preview:large","max-video-preview":"max-video-preview:-1"},"canonical":"https:\/\/mathieucote.art\/index.php\/produit\/balade-avec-gopala\/","og_locale":"fr_FR","og_type":"article","og_title":"Balade avec Gop\u0101la - Mathieu Cot\u00e9","og_description":"Une partition originale pour piano solo, inspir\u00e9e de la musique indienne. Voyage imminent au rythme des m\u00e9lodies envo\u00fbtantes de l\u2019Inde !","og_url":"https:\/\/mathieucote.art\/index.php\/produit\/balade-avec-gopala\/","og_site_name":"Mathieu Cot\u00e9","og_image":[{"width":1343,"height":899,"url":"https:\/\/mathieucote.art\/wp-content\/uploads\/2025\/11\/Inde-texte.png","type":"image\/png"}],"twitter_card":"summary_large_image","twitter_misc":{"Dur\u00e9e de lecture estim\u00e9e":"1 minute"},"schema":{"@context":"https:\/\/schema.org","@graph":[{"@type":"WebPage","@id":"https:\/\/mathieucote.art\/index.php\/produit\/balade-avec-gopala\/","url":"https:\/\/mathieucote.art\/index.php\/produit\/balade-avec-gopala\/","name":"Balade avec Gop\u0101la - Mathieu Cot\u00e9","isPartOf":{"@id":"https:\/\/mathieucote.art\/#website"},"primaryImageOfPage":{"@id":"https:\/\/mathieucote.art\/index.php\/produit\/balade-avec-gopala\/#primaryimage"},"image":{"@id":"https:\/\/mathieucote.art\/index.php\/produit\/balade-avec-gopala\/#primaryimage"},"thumbnailUrl":"https:\/\/mathieucote.art\/wp-content\/uploads\/2025\/11\/Inde-texte.png","datePublished":"2025-11-20T11:10:34+00:00","description":"Une partition originale pour piano solo, inspir\u00e9e de la musique indienne. Voyage imminent au rythme des m\u00e9lodies envo\u00fbtantes de l\u2019Inde !","breadcrumb":{"@id":"https:\/\/mathieucote.art\/index.php\/produit\/balade-avec-gopala\/#breadcrumb"},"inLanguage":"fr-FR","potentialAction":[{"@type":"ReadAction","target":["https:\/\/mathieucote.art\/index.php\/produit\/balade-avec-gopala\/"]}]},{"@type":"ImageObject","inLanguage":"fr-FR","@id":"https:\/\/mathieucote.art\/index.php\/produit\/balade-avec-gopala\/#primaryimage","url":"https:\/\/mathieucote.art\/wp-content\/uploads\/2025\/11\/Inde-texte.png","contentUrl":"https:\/\/mathieucote.art\/wp-content\/uploads\/2025\/11\/Inde-texte.png","width":1343,"height":899},{"@type":"BreadcrumbList","@id":"https:\/\/mathieucote.art\/index.php\/produit\/balade-avec-gopala\/#breadcrumb","itemListElement":[{"@type":"ListItem","position":1,"name":"Accueil","item":"https:\/\/mathieucote.art\/"},{"@type":"ListItem","position":2,"name":"Boutique","item":"https:\/\/mathieucote.art\/index.php\/boutique-piano-partition-original\/"},{"@type":"ListItem","position":3,"name":"Balade avec Gop\u0101la"}]},{"@type":"WebSite","@id":"https:\/\/mathieucote.art\/#website","url":"https:\/\/mathieucote.art\/","name":"Mathieu Cot\u00e9","description":"Des notes pour r\u00eaver","potentialAction":[{"@type":"SearchAction","target":{"@type":"EntryPoint","urlTemplate":"https:\/\/mathieucote.art\/?s={search_term_string}"},"query-input":{"@type":"PropertyValueSpecification","valueRequired":true,"valueName":"search_term_string"}}],"inLanguage":"fr-FR"}]}},"jetpack_sharing_enabled":true,"_links":{"self":[{"href":"https:\/\/mathieucote.art\/index.php\/wp-json\/wp\/v2\/product\/3021","targetHints":{"allow":["GET"]}}],"collection":[{"href":"https:\/\/mathieucote.art\/index.php\/wp-json\/wp\/v2\/product"}],"about":[{"href":"https:\/\/mathieucote.art\/index.php\/wp-json\/wp\/v2\/types\/product"}],"replies":[{"embeddable":true,"href":"https:\/\/mathieucote.art\/index.php\/wp-json\/wp\/v2\/comments?post=3021"}],"wp:featuredmedia":[{"embeddable":true,"href":"https:\/\/mathieucote.art\/index.php\/wp-json\/wp\/v2\/media\/3024"}],"wp:attachment":[{"href":"https:\/\/mathieucote.art\/index.php\/wp-json\/wp\/v2\/media?parent=3021"}],"wp:term":[{"taxonomy":"product_brand","embeddable":true,"href":"https:\/\/mathieucote.art\/index.php\/wp-json\/wp\/v2\/product_brand?post=3021"},{"taxonomy":"product_cat","embeddable":true,"href":"https:\/\/mathieucote.art\/index.php\/wp-json\/wp\/v2\/product_cat?post=3021"},{"taxonomy":"product_tag","embeddable":true,"href":"https:\/\/mathieucote.art\/index.php\/wp-json\/wp\/v2\/product_tag?post=3021"}],"curies":[{"name":"wp","href":"https:\/\/api.w.org\/{rel}","templated":true}]}}