{"id":3008,"date":"2025-11-20T23:00:26","date_gmt":"2025-11-20T22:00:26","guid":{"rendered":"https:\/\/mathieucote.art\/?post_type=product&#038;p=3008"},"modified":"2026-04-05T17:15:36","modified_gmt":"2026-04-05T15:15:36","slug":"le-sud-arrangement-piano-2","status":"publish","type":"product","link":"https:\/\/mathieucote.art\/index.php\/produit\/le-sud-arrangement-piano-2\/","title":{"rendered":"Le Sud &#8211; arrangement piano avec notations doigt\u00e9s"},"content":{"rendered":"","protected":false},"excerpt":{"rendered":"<p><strong>Arrangement pour piano \u2013Le Sud de Nino Ferrer<\/strong><\/p>\n<p>Cet arrangement transforme ce chef d\u2019\u0153uvre en une pi\u00e8ce unique pour piano solo!<\/p>\n<p data-start=\"277\" data-end=\"322\"><strong data-start=\"277\" data-end=\"287\">Niveau<\/strong> : interm\u00e9diaire<\/p>\n<p><strong data-start=\"325\" data-end=\"344\">Nombre de pages<\/strong> : 2 + 1 page de garde<\/p>\n<p>\ud83c\udf81 <strong>Partition offerte pour 10 euros d&rsquo;achat<\/strong> \ud83c\udf81<\/p>\n[embed]https:\/\/youtube.com\/shorts\/Yfcw9ZLTjWc?feature=share[\/embed]\n","protected":false},"featured_media":3098,"comment_status":"open","ping_status":"closed","template":"","meta":[],"product_brand":[],"product_cat":[52],"product_tag":[],"class_list":{"0":"post-3008","1":"product","2":"type-product","3":"status-publish","4":"has-post-thumbnail","6":"product_cat-telechargeables","8":"first","9":"instock","10":"downloadable","11":"virtual","12":"purchasable","13":"product-type-simple","14":"layout-style-1","15":"col-md-4 col-sm-4 col-xs-6","16":"col-lg-3","17":"product-style-default"},"yoast_head":"<!-- This site is optimized with the Yoast SEO plugin v27.2 - https:\/\/yoast.com\/product\/yoast-seo-wordpress\/ -->\n<title>Le Sud - arrangement piano avec notations doigt\u00e9s - Mathieu Cot\u00e9<\/title>\n<meta name=\"description\" content=\"Arrangement pour piano Le Sud\u2013 Nino Ferrer dans la tonalit\u00e9 original et fid\u00e8le \u00e0 la ligne de chant, voila de quoi faire siffloter vos proches!\" \/>\n<meta name=\"robots\" content=\"index, follow, max-snippet:-1, max-image-preview:large, max-video-preview:-1\" \/>\n<link rel=\"canonical\" href=\"https:\/\/mathieucote.art\/index.php\/produit\/le-sud-arrangement-piano-2\/\" \/>\n<meta property=\"og:locale\" content=\"fr_FR\" \/>\n<meta property=\"og:type\" content=\"article\" \/>\n<meta property=\"og:title\" content=\"Le Sud - arrangement piano avec notations doigt\u00e9s - Mathieu Cot\u00e9\" \/>\n<meta property=\"og:description\" content=\"Arrangement pour piano Le Sud\u2013 Nino Ferrer dans la tonalit\u00e9 original et fid\u00e8le \u00e0 la ligne de chant, voila de quoi faire siffloter vos proches!\" \/>\n<meta property=\"og:url\" content=\"https:\/\/mathieucote.art\/index.php\/produit\/le-sud-arrangement-piano-2\/\" \/>\n<meta property=\"og:site_name\" content=\"Mathieu Cot\u00e9\" \/>\n<meta property=\"article:modified_time\" content=\"2026-04-05T15:15:36+00:00\" \/>\n<meta property=\"og:image\" content=\"http:\/\/mathieucote.art\/wp-content\/uploads\/2026\/03\/Le-Sud.png\" \/>\n\t<meta property=\"og:image:width\" content=\"1347\" \/>\n\t<meta property=\"og:image:height\" content=\"943\" \/>\n\t<meta property=\"og:image:type\" content=\"image\/png\" \/>\n<meta name=\"twitter:card\" content=\"summary_large_image\" \/>\n<meta name=\"twitter:label1\" content=\"Dur\u00e9e de lecture estim\u00e9e\" \/>\n\t<meta name=\"twitter:data1\" content=\"1 minute\" \/>\n<script type=\"application\/ld+json\" class=\"yoast-schema-graph\">{\"@context\":\"https:\/\/schema.org\",\"@graph\":[{\"@type\":\"WebPage\",\"@id\":\"https:\/\/mathieucote.art\/index.php\/produit\/le-sud-arrangement-piano-2\/\",\"url\":\"https:\/\/mathieucote.art\/index.php\/produit\/le-sud-arrangement-piano-2\/\",\"name\":\"Le Sud - arrangement piano avec notations doigt\u00e9s - Mathieu Cot\u00e9\",\"isPartOf\":{\"@id\":\"https:\/\/mathieucote.art\/#website\"},\"primaryImageOfPage\":{\"@id\":\"https:\/\/mathieucote.art\/index.php\/produit\/le-sud-arrangement-piano-2\/#primaryimage\"},\"image\":{\"@id\":\"https:\/\/mathieucote.art\/index.php\/produit\/le-sud-arrangement-piano-2\/#primaryimage\"},\"thumbnailUrl\":\"https:\/\/mathieucote.art\/wp-content\/uploads\/2026\/03\/Le-Sud.png\",\"datePublished\":\"2025-11-20T22:00:26+00:00\",\"dateModified\":\"2026-04-05T15:15:36+00:00\",\"description\":\"Arrangement pour piano Le Sud\u2013 Nino Ferrer dans la tonalit\u00e9 original et fid\u00e8le \u00e0 la ligne de chant, voila de quoi faire siffloter vos proches!\",\"breadcrumb\":{\"@id\":\"https:\/\/mathieucote.art\/index.php\/produit\/le-sud-arrangement-piano-2\/#breadcrumb\"},\"inLanguage\":\"fr-FR\",\"potentialAction\":[{\"@type\":\"ReadAction\",\"target\":[\"https:\/\/mathieucote.art\/index.php\/produit\/le-sud-arrangement-piano-2\/\"]}]},{\"@type\":\"ImageObject\",\"inLanguage\":\"fr-FR\",\"@id\":\"https:\/\/mathieucote.art\/index.php\/produit\/le-sud-arrangement-piano-2\/#primaryimage\",\"url\":\"https:\/\/mathieucote.art\/wp-content\/uploads\/2026\/03\/Le-Sud.png\",\"contentUrl\":\"https:\/\/mathieucote.art\/wp-content\/uploads\/2026\/03\/Le-Sud.png\",\"width\":1347,\"height\":943},{\"@type\":\"BreadcrumbList\",\"@id\":\"https:\/\/mathieucote.art\/index.php\/produit\/le-sud-arrangement-piano-2\/#breadcrumb\",\"itemListElement\":[{\"@type\":\"ListItem\",\"position\":1,\"name\":\"Accueil\",\"item\":\"https:\/\/mathieucote.art\/\"},{\"@type\":\"ListItem\",\"position\":2,\"name\":\"Boutique\",\"item\":\"https:\/\/mathieucote.art\/index.php\/boutique-piano-partition-original\/\"},{\"@type\":\"ListItem\",\"position\":3,\"name\":\"Le Sud &#8211; arrangement piano avec notations doigt\u00e9s\"}]},{\"@type\":\"WebSite\",\"@id\":\"https:\/\/mathieucote.art\/#website\",\"url\":\"https:\/\/mathieucote.art\/\",\"name\":\"Mathieu Cot\u00e9\",\"description\":\"Des notes pour r\u00eaver\",\"potentialAction\":[{\"@type\":\"SearchAction\",\"target\":{\"@type\":\"EntryPoint\",\"urlTemplate\":\"https:\/\/mathieucote.art\/?s={search_term_string}\"},\"query-input\":{\"@type\":\"PropertyValueSpecification\",\"valueRequired\":true,\"valueName\":\"search_term_string\"}}],\"inLanguage\":\"fr-FR\"}]}<\/script>\n<!-- \/ Yoast SEO plugin. -->","yoast_head_json":{"title":"Le Sud - arrangement piano avec notations doigt\u00e9s - Mathieu Cot\u00e9","description":"Arrangement pour piano Le Sud\u2013 Nino Ferrer dans la tonalit\u00e9 original et fid\u00e8le \u00e0 la ligne de chant, voila de quoi faire siffloter vos proches!","robots":{"index":"index","follow":"follow","max-snippet":"max-snippet:-1","max-image-preview":"max-image-preview:large","max-video-preview":"max-video-preview:-1"},"canonical":"https:\/\/mathieucote.art\/index.php\/produit\/le-sud-arrangement-piano-2\/","og_locale":"fr_FR","og_type":"article","og_title":"Le Sud - arrangement piano avec notations doigt\u00e9s - Mathieu Cot\u00e9","og_description":"Arrangement pour piano Le Sud\u2013 Nino Ferrer dans la tonalit\u00e9 original et fid\u00e8le \u00e0 la ligne de chant, voila de quoi faire siffloter vos proches!","og_url":"https:\/\/mathieucote.art\/index.php\/produit\/le-sud-arrangement-piano-2\/","og_site_name":"Mathieu Cot\u00e9","article_modified_time":"2026-04-05T15:15:36+00:00","og_image":[{"width":1347,"height":943,"url":"http:\/\/mathieucote.art\/wp-content\/uploads\/2026\/03\/Le-Sud.png","type":"image\/png"}],"twitter_card":"summary_large_image","twitter_misc":{"Dur\u00e9e de lecture estim\u00e9e":"1 minute"},"schema":{"@context":"https:\/\/schema.org","@graph":[{"@type":"WebPage","@id":"https:\/\/mathieucote.art\/index.php\/produit\/le-sud-arrangement-piano-2\/","url":"https:\/\/mathieucote.art\/index.php\/produit\/le-sud-arrangement-piano-2\/","name":"Le Sud - arrangement piano avec notations doigt\u00e9s - Mathieu Cot\u00e9","isPartOf":{"@id":"https:\/\/mathieucote.art\/#website"},"primaryImageOfPage":{"@id":"https:\/\/mathieucote.art\/index.php\/produit\/le-sud-arrangement-piano-2\/#primaryimage"},"image":{"@id":"https:\/\/mathieucote.art\/index.php\/produit\/le-sud-arrangement-piano-2\/#primaryimage"},"thumbnailUrl":"https:\/\/mathieucote.art\/wp-content\/uploads\/2026\/03\/Le-Sud.png","datePublished":"2025-11-20T22:00:26+00:00","dateModified":"2026-04-05T15:15:36+00:00","description":"Arrangement pour piano Le Sud\u2013 Nino Ferrer dans la tonalit\u00e9 original et fid\u00e8le \u00e0 la ligne de chant, voila de quoi faire siffloter vos proches!","breadcrumb":{"@id":"https:\/\/mathieucote.art\/index.php\/produit\/le-sud-arrangement-piano-2\/#breadcrumb"},"inLanguage":"fr-FR","potentialAction":[{"@type":"ReadAction","target":["https:\/\/mathieucote.art\/index.php\/produit\/le-sud-arrangement-piano-2\/"]}]},{"@type":"ImageObject","inLanguage":"fr-FR","@id":"https:\/\/mathieucote.art\/index.php\/produit\/le-sud-arrangement-piano-2\/#primaryimage","url":"https:\/\/mathieucote.art\/wp-content\/uploads\/2026\/03\/Le-Sud.png","contentUrl":"https:\/\/mathieucote.art\/wp-content\/uploads\/2026\/03\/Le-Sud.png","width":1347,"height":943},{"@type":"BreadcrumbList","@id":"https:\/\/mathieucote.art\/index.php\/produit\/le-sud-arrangement-piano-2\/#breadcrumb","itemListElement":[{"@type":"ListItem","position":1,"name":"Accueil","item":"https:\/\/mathieucote.art\/"},{"@type":"ListItem","position":2,"name":"Boutique","item":"https:\/\/mathieucote.art\/index.php\/boutique-piano-partition-original\/"},{"@type":"ListItem","position":3,"name":"Le Sud &#8211; arrangement piano avec notations doigt\u00e9s"}]},{"@type":"WebSite","@id":"https:\/\/mathieucote.art\/#website","url":"https:\/\/mathieucote.art\/","name":"Mathieu Cot\u00e9","description":"Des notes pour r\u00eaver","potentialAction":[{"@type":"SearchAction","target":{"@type":"EntryPoint","urlTemplate":"https:\/\/mathieucote.art\/?s={search_term_string}"},"query-input":{"@type":"PropertyValueSpecification","valueRequired":true,"valueName":"search_term_string"}}],"inLanguage":"fr-FR"}]}},"jetpack_sharing_enabled":true,"_links":{"self":[{"href":"https:\/\/mathieucote.art\/index.php\/wp-json\/wp\/v2\/product\/3008","targetHints":{"allow":["GET"]}}],"collection":[{"href":"https:\/\/mathieucote.art\/index.php\/wp-json\/wp\/v2\/product"}],"about":[{"href":"https:\/\/mathieucote.art\/index.php\/wp-json\/wp\/v2\/types\/product"}],"replies":[{"embeddable":true,"href":"https:\/\/mathieucote.art\/index.php\/wp-json\/wp\/v2\/comments?post=3008"}],"wp:featuredmedia":[{"embeddable":true,"href":"https:\/\/mathieucote.art\/index.php\/wp-json\/wp\/v2\/media\/3098"}],"wp:attachment":[{"href":"https:\/\/mathieucote.art\/index.php\/wp-json\/wp\/v2\/media?parent=3008"}],"wp:term":[{"taxonomy":"product_brand","embeddable":true,"href":"https:\/\/mathieucote.art\/index.php\/wp-json\/wp\/v2\/product_brand?post=3008"},{"taxonomy":"product_cat","embeddable":true,"href":"https:\/\/mathieucote.art\/index.php\/wp-json\/wp\/v2\/product_cat?post=3008"},{"taxonomy":"product_tag","embeddable":true,"href":"https:\/\/mathieucote.art\/index.php\/wp-json\/wp\/v2\/product_tag?post=3008"}],"curies":[{"name":"wp","href":"https:\/\/api.w.org\/{rel}","templated":true}]}}