{"id":3004,"date":"2025-11-12T22:48:58","date_gmt":"2025-11-12T21:48:58","guid":{"rendered":"https:\/\/mathieucote.art\/?post_type=product&#038;p=3004"},"modified":"2025-11-15T07:38:14","modified_gmt":"2025-11-15T06:38:14","slug":"la_houle","status":"publish","type":"product","link":"https:\/\/mathieucote.art\/index.php\/produit\/la_houle\/","title":{"rendered":"La Houle"},"content":{"rendered":"","protected":false},"excerpt":{"rendered":"<p>Pi\u00e8ce courte et moderne \u00e9voquant la mer.<br \/>\nNiveau interm\u00e9diaire, elle est id\u00e9al pour travailler l&rsquo;expressivit\u00e9!<br \/>\n2 pages<\/p>\n<p><strong> \ud83d\udce5 Cette partition est num\u00e9rique, \u00e0 t\u00e9l\u00e9charger\u00a0 et \u00e0 imprimer directement chez vous.<\/strong><\/p>\n[embed]https:\/\/youtu.be\/xqpyi8MCeQc[\/embed]\n","protected":false},"featured_media":3031,"comment_status":"open","ping_status":"closed","template":"","meta":[],"product_brand":[],"product_cat":[52],"product_tag":[],"class_list":{"0":"post-3004","1":"product","2":"type-product","3":"status-publish","4":"has-post-thumbnail","6":"product_cat-telechargeables","8":"first","9":"instock","10":"downloadable","11":"virtual","12":"purchasable","13":"product-type-simple","14":"layout-style-1","15":"col-md-4 col-sm-4 col-xs-6","16":"col-lg-3","17":"product-style-default"},"yoast_head":"<!-- This site is optimized with the Yoast SEO plugin v27.2 - https:\/\/yoast.com\/product\/yoast-seo-wordpress\/ -->\n<title>La Houle - Mathieu Cot\u00e9<\/title>\n<meta name=\"description\" content=\"Pi\u00e8ce courte et moderne \u00e9voquant la mer,\u00a0 id\u00e9al pour travailler son expressivit\u00e9 ! Niveau d\u00e9butant-interm\u00e9diaire\" \/>\n<meta name=\"robots\" content=\"index, follow, max-snippet:-1, max-image-preview:large, max-video-preview:-1\" \/>\n<link rel=\"canonical\" href=\"https:\/\/mathieucote.art\/index.php\/produit\/la_houle\/\" \/>\n<meta property=\"og:locale\" content=\"fr_FR\" \/>\n<meta property=\"og:type\" content=\"article\" \/>\n<meta property=\"og:title\" content=\"La Houle - Mathieu Cot\u00e9\" \/>\n<meta property=\"og:description\" content=\"Pi\u00e8ce courte et moderne \u00e9voquant la mer,\u00a0 id\u00e9al pour travailler son expressivit\u00e9 ! Niveau d\u00e9butant-interm\u00e9diaire\" \/>\n<meta property=\"og:url\" content=\"https:\/\/mathieucote.art\/index.php\/produit\/la_houle\/\" \/>\n<meta property=\"og:site_name\" content=\"Mathieu Cot\u00e9\" \/>\n<meta property=\"article:modified_time\" content=\"2025-11-15T06:38:14+00:00\" \/>\n<meta property=\"og:image\" content=\"http:\/\/mathieucote.art\/wp-content\/uploads\/2025\/11\/La-houle-2-2.png\" \/>\n\t<meta property=\"og:image:width\" content=\"1116\" \/>\n\t<meta property=\"og:image:height\" content=\"743\" \/>\n\t<meta property=\"og:image:type\" content=\"image\/png\" \/>\n<meta name=\"twitter:card\" content=\"summary_large_image\" \/>\n<meta name=\"twitter:label1\" content=\"Dur\u00e9e de lecture estim\u00e9e\" \/>\n\t<meta name=\"twitter:data1\" content=\"1 minute\" \/>\n<script type=\"application\/ld+json\" class=\"yoast-schema-graph\">{\"@context\":\"https:\/\/schema.org\",\"@graph\":[{\"@type\":\"WebPage\",\"@id\":\"https:\/\/mathieucote.art\/index.php\/produit\/la_houle\/\",\"url\":\"https:\/\/mathieucote.art\/index.php\/produit\/la_houle\/\",\"name\":\"La Houle - Mathieu Cot\u00e9\",\"isPartOf\":{\"@id\":\"https:\/\/mathieucote.art\/#website\"},\"primaryImageOfPage\":{\"@id\":\"https:\/\/mathieucote.art\/index.php\/produit\/la_houle\/#primaryimage\"},\"image\":{\"@id\":\"https:\/\/mathieucote.art\/index.php\/produit\/la_houle\/#primaryimage\"},\"thumbnailUrl\":\"https:\/\/mathieucote.art\/wp-content\/uploads\/2025\/11\/La-houle-2-2.png\",\"datePublished\":\"2025-11-12T21:48:58+00:00\",\"dateModified\":\"2025-11-15T06:38:14+00:00\",\"description\":\"Pi\u00e8ce courte et moderne \u00e9voquant la mer,\u00a0 id\u00e9al pour travailler son expressivit\u00e9 ! Niveau d\u00e9butant-interm\u00e9diaire\",\"breadcrumb\":{\"@id\":\"https:\/\/mathieucote.art\/index.php\/produit\/la_houle\/#breadcrumb\"},\"inLanguage\":\"fr-FR\",\"potentialAction\":[{\"@type\":\"ReadAction\",\"target\":[\"https:\/\/mathieucote.art\/index.php\/produit\/la_houle\/\"]}]},{\"@type\":\"ImageObject\",\"inLanguage\":\"fr-FR\",\"@id\":\"https:\/\/mathieucote.art\/index.php\/produit\/la_houle\/#primaryimage\",\"url\":\"https:\/\/mathieucote.art\/wp-content\/uploads\/2025\/11\/La-houle-2-2.png\",\"contentUrl\":\"https:\/\/mathieucote.art\/wp-content\/uploads\/2025\/11\/La-houle-2-2.png\",\"width\":1116,\"height\":743},{\"@type\":\"BreadcrumbList\",\"@id\":\"https:\/\/mathieucote.art\/index.php\/produit\/la_houle\/#breadcrumb\",\"itemListElement\":[{\"@type\":\"ListItem\",\"position\":1,\"name\":\"Accueil\",\"item\":\"https:\/\/mathieucote.art\/\"},{\"@type\":\"ListItem\",\"position\":2,\"name\":\"Boutique\",\"item\":\"https:\/\/mathieucote.art\/index.php\/boutique-piano-partition-original\/\"},{\"@type\":\"ListItem\",\"position\":3,\"name\":\"La Houle\"}]},{\"@type\":\"WebSite\",\"@id\":\"https:\/\/mathieucote.art\/#website\",\"url\":\"https:\/\/mathieucote.art\/\",\"name\":\"Mathieu Cot\u00e9\",\"description\":\"Des notes pour r\u00eaver\",\"potentialAction\":[{\"@type\":\"SearchAction\",\"target\":{\"@type\":\"EntryPoint\",\"urlTemplate\":\"https:\/\/mathieucote.art\/?s={search_term_string}\"},\"query-input\":{\"@type\":\"PropertyValueSpecification\",\"valueRequired\":true,\"valueName\":\"search_term_string\"}}],\"inLanguage\":\"fr-FR\"}]}<\/script>\n<!-- \/ Yoast SEO plugin. -->","yoast_head_json":{"title":"La Houle - Mathieu Cot\u00e9","description":"Pi\u00e8ce courte et moderne \u00e9voquant la mer,\u00a0 id\u00e9al pour travailler son expressivit\u00e9 ! Niveau d\u00e9butant-interm\u00e9diaire","robots":{"index":"index","follow":"follow","max-snippet":"max-snippet:-1","max-image-preview":"max-image-preview:large","max-video-preview":"max-video-preview:-1"},"canonical":"https:\/\/mathieucote.art\/index.php\/produit\/la_houle\/","og_locale":"fr_FR","og_type":"article","og_title":"La Houle - Mathieu Cot\u00e9","og_description":"Pi\u00e8ce courte et moderne \u00e9voquant la mer,\u00a0 id\u00e9al pour travailler son expressivit\u00e9 ! Niveau d\u00e9butant-interm\u00e9diaire","og_url":"https:\/\/mathieucote.art\/index.php\/produit\/la_houle\/","og_site_name":"Mathieu Cot\u00e9","article_modified_time":"2025-11-15T06:38:14+00:00","og_image":[{"width":1116,"height":743,"url":"http:\/\/mathieucote.art\/wp-content\/uploads\/2025\/11\/La-houle-2-2.png","type":"image\/png"}],"twitter_card":"summary_large_image","twitter_misc":{"Dur\u00e9e de lecture estim\u00e9e":"1 minute"},"schema":{"@context":"https:\/\/schema.org","@graph":[{"@type":"WebPage","@id":"https:\/\/mathieucote.art\/index.php\/produit\/la_houle\/","url":"https:\/\/mathieucote.art\/index.php\/produit\/la_houle\/","name":"La Houle - Mathieu Cot\u00e9","isPartOf":{"@id":"https:\/\/mathieucote.art\/#website"},"primaryImageOfPage":{"@id":"https:\/\/mathieucote.art\/index.php\/produit\/la_houle\/#primaryimage"},"image":{"@id":"https:\/\/mathieucote.art\/index.php\/produit\/la_houle\/#primaryimage"},"thumbnailUrl":"https:\/\/mathieucote.art\/wp-content\/uploads\/2025\/11\/La-houle-2-2.png","datePublished":"2025-11-12T21:48:58+00:00","dateModified":"2025-11-15T06:38:14+00:00","description":"Pi\u00e8ce courte et moderne \u00e9voquant la mer,\u00a0 id\u00e9al pour travailler son expressivit\u00e9 ! Niveau d\u00e9butant-interm\u00e9diaire","breadcrumb":{"@id":"https:\/\/mathieucote.art\/index.php\/produit\/la_houle\/#breadcrumb"},"inLanguage":"fr-FR","potentialAction":[{"@type":"ReadAction","target":["https:\/\/mathieucote.art\/index.php\/produit\/la_houle\/"]}]},{"@type":"ImageObject","inLanguage":"fr-FR","@id":"https:\/\/mathieucote.art\/index.php\/produit\/la_houle\/#primaryimage","url":"https:\/\/mathieucote.art\/wp-content\/uploads\/2025\/11\/La-houle-2-2.png","contentUrl":"https:\/\/mathieucote.art\/wp-content\/uploads\/2025\/11\/La-houle-2-2.png","width":1116,"height":743},{"@type":"BreadcrumbList","@id":"https:\/\/mathieucote.art\/index.php\/produit\/la_houle\/#breadcrumb","itemListElement":[{"@type":"ListItem","position":1,"name":"Accueil","item":"https:\/\/mathieucote.art\/"},{"@type":"ListItem","position":2,"name":"Boutique","item":"https:\/\/mathieucote.art\/index.php\/boutique-piano-partition-original\/"},{"@type":"ListItem","position":3,"name":"La Houle"}]},{"@type":"WebSite","@id":"https:\/\/mathieucote.art\/#website","url":"https:\/\/mathieucote.art\/","name":"Mathieu Cot\u00e9","description":"Des notes pour r\u00eaver","potentialAction":[{"@type":"SearchAction","target":{"@type":"EntryPoint","urlTemplate":"https:\/\/mathieucote.art\/?s={search_term_string}"},"query-input":{"@type":"PropertyValueSpecification","valueRequired":true,"valueName":"search_term_string"}}],"inLanguage":"fr-FR"}]}},"jetpack_sharing_enabled":true,"_links":{"self":[{"href":"https:\/\/mathieucote.art\/index.php\/wp-json\/wp\/v2\/product\/3004","targetHints":{"allow":["GET"]}}],"collection":[{"href":"https:\/\/mathieucote.art\/index.php\/wp-json\/wp\/v2\/product"}],"about":[{"href":"https:\/\/mathieucote.art\/index.php\/wp-json\/wp\/v2\/types\/product"}],"replies":[{"embeddable":true,"href":"https:\/\/mathieucote.art\/index.php\/wp-json\/wp\/v2\/comments?post=3004"}],"wp:featuredmedia":[{"embeddable":true,"href":"https:\/\/mathieucote.art\/index.php\/wp-json\/wp\/v2\/media\/3031"}],"wp:attachment":[{"href":"https:\/\/mathieucote.art\/index.php\/wp-json\/wp\/v2\/media?parent=3004"}],"wp:term":[{"taxonomy":"product_brand","embeddable":true,"href":"https:\/\/mathieucote.art\/index.php\/wp-json\/wp\/v2\/product_brand?post=3004"},{"taxonomy":"product_cat","embeddable":true,"href":"https:\/\/mathieucote.art\/index.php\/wp-json\/wp\/v2\/product_cat?post=3004"},{"taxonomy":"product_tag","embeddable":true,"href":"https:\/\/mathieucote.art\/index.php\/wp-json\/wp\/v2\/product_tag?post=3004"}],"curies":[{"name":"wp","href":"https:\/\/api.w.org\/{rel}","templated":true}]}}