{"id":292,"date":"2016-07-29T08:50:49","date_gmt":"2016-07-29T08:50:49","guid":{"rendered":"http:\/\/demo.uix.store\/sober\/?post_type=product&#038;p=292"},"modified":"2025-11-01T15:49:12","modified_gmt":"2025-11-01T14:49:12","slug":"piano-partition-voyage","status":"publish","type":"product","link":"https:\/\/mathieucote.art\/index.php\/produit\/piano-partition-voyage\/","title":{"rendered":"Voyage vol1"},"content":{"rendered":"","protected":false},"excerpt":{"rendered":"[audio wav=\"http:\/\/mathieucote.art\/wp-content\/uploads\/2016\/07\/La_balade_avec_Gopala-extrait.wav\"][\/audio]\n[audio mp3=\"http:\/\/mathieucote.art\/wp-content\/uploads\/2025\/09\/Voyage-en-Balkanie-1-1.mp3\"][\/audio]\n[audio wav=\"http:\/\/mathieucote.art\/wp-content\/uploads\/2016\/07\/La-Chine2.wav\"][\/audio]\n<p>La collection \u00ab\u00a0Voyage\u00a0\u00bb vous entra\u00eenera \u00e0 la d\u00e9couverte de sonorit\u00e9s venues des quatre coins du monde!<\/p>\n<p data-start=\"370\" data-end=\"504\">Destin\u00e9es au piano solo, ces pi\u00e8ces courtes \u2014 d\u2019une dur\u00e9e de 1 \u00e0 2 minutes \u2014 puisent leur inspiration dans des univers culturels vari\u00e9s.<br \/>\nId\u00e9ales pour \u00e9veiller la curiosit\u00e9 des jeunes pianistes ou enrichir un petit programme de concert, ces miniatures musicales sont aussi propos\u00e9es \u00e0 l\u2019unit\u00e9.<\/p>\n<p>Le volume 1 d\u00e9peint:<br \/>\nL&rsquo;inde, La Bulgarie, La Chine et La Martinique.<\/p>\n<p>\ud83c\udfb9 <strong data-start=\"568\" data-end=\"619\">niveau interm\u00e9diaire<br \/>\n<\/strong>\u00a0 \u00a0 \u00a0 \u00a015 pages<\/p>\n<p><strong>Partition\u00a0 a t\u00e9l\u00e9charger et \u00e0 imprimer<\/strong>.<\/p>\n","protected":false},"featured_media":2882,"comment_status":"open","ping_status":"closed","template":"","meta":[],"product_brand":[],"product_cat":[52],"product_tag":[],"class_list":{"0":"post-292","1":"product","2":"type-product","3":"status-publish","4":"has-post-thumbnail","6":"product_cat-telechargeables","8":"first","9":"instock","10":"downloadable","11":"virtual","12":"purchasable","13":"product-type-simple","14":"new","15":"layout-style-1","16":"col-md-4 col-sm-4 col-xs-6","17":"col-lg-3","18":"product-has-gallery","19":"product-style-default"},"yoast_head":"<!-- This site is optimized with the Yoast SEO plugin v27.2 - https:\/\/yoast.com\/product\/yoast-seo-wordpress\/ -->\n<title>Voyage vol1 - Mathieu Cot\u00e9<\/title>\n<meta name=\"description\" content=\"Explorez Voyage Vol 1! Partition original pour piano m\u00ealant sonorit\u00e9s et rythmes venus d\u2019ailleurs, pour un voyage musical unique \u00e0 travers diff\u00e9rents pays.\" \/>\n<meta name=\"robots\" content=\"index, follow, max-snippet:-1, max-image-preview:large, max-video-preview:-1\" \/>\n<link rel=\"canonical\" href=\"https:\/\/mathieucote.art\/index.php\/produit\/piano-partition-voyage\/\" \/>\n<meta property=\"og:locale\" content=\"fr_FR\" \/>\n<meta property=\"og:type\" content=\"article\" \/>\n<meta property=\"og:title\" content=\"Voyage vol1 - Mathieu Cot\u00e9\" \/>\n<meta property=\"og:description\" content=\"Explorez Voyage Vol 1! Partition original pour piano m\u00ealant sonorit\u00e9s et rythmes venus d\u2019ailleurs, pour un voyage musical unique \u00e0 travers diff\u00e9rents pays.\" \/>\n<meta property=\"og:url\" content=\"https:\/\/mathieucote.art\/index.php\/produit\/piano-partition-voyage\/\" \/>\n<meta property=\"og:site_name\" content=\"Mathieu Cot\u00e9\" \/>\n<meta property=\"article:modified_time\" content=\"2025-11-01T14:49:12+00:00\" \/>\n<meta property=\"og:image\" content=\"http:\/\/mathieucote.art\/wp-content\/uploads\/2016\/07\/1-722x1024.png\" \/>\n\t<meta property=\"og:image:width\" content=\"722\" \/>\n\t<meta property=\"og:image:height\" content=\"1024\" \/>\n\t<meta property=\"og:image:type\" content=\"image\/png\" \/>\n<meta name=\"twitter:card\" content=\"summary_large_image\" \/>\n<meta name=\"twitter:label1\" content=\"Dur\u00e9e de lecture estim\u00e9e\" \/>\n\t<meta name=\"twitter:data1\" content=\"1 minute\" \/>\n<script type=\"application\/ld+json\" class=\"yoast-schema-graph\">{\"@context\":\"https:\/\/schema.org\",\"@graph\":[{\"@type\":\"WebPage\",\"@id\":\"https:\/\/mathieucote.art\/index.php\/produit\/piano-partition-voyage\/\",\"url\":\"https:\/\/mathieucote.art\/index.php\/produit\/piano-partition-voyage\/\",\"name\":\"Voyage vol1 - Mathieu Cot\u00e9\",\"isPartOf\":{\"@id\":\"https:\/\/mathieucote.art\/#website\"},\"primaryImageOfPage\":{\"@id\":\"https:\/\/mathieucote.art\/index.php\/produit\/piano-partition-voyage\/#primaryimage\"},\"image\":{\"@id\":\"https:\/\/mathieucote.art\/index.php\/produit\/piano-partition-voyage\/#primaryimage\"},\"thumbnailUrl\":\"https:\/\/mathieucote.art\/wp-content\/uploads\/2016\/07\/1.png\",\"datePublished\":\"2016-07-29T08:50:49+00:00\",\"dateModified\":\"2025-11-01T14:49:12+00:00\",\"description\":\"Explorez Voyage Vol 1! Partition original pour piano m\u00ealant sonorit\u00e9s et rythmes venus d\u2019ailleurs, pour un voyage musical unique \u00e0 travers diff\u00e9rents pays.\",\"breadcrumb\":{\"@id\":\"https:\/\/mathieucote.art\/index.php\/produit\/piano-partition-voyage\/#breadcrumb\"},\"inLanguage\":\"fr-FR\",\"potentialAction\":[{\"@type\":\"ReadAction\",\"target\":[\"https:\/\/mathieucote.art\/index.php\/produit\/piano-partition-voyage\/\"]}]},{\"@type\":\"ImageObject\",\"inLanguage\":\"fr-FR\",\"@id\":\"https:\/\/mathieucote.art\/index.php\/produit\/piano-partition-voyage\/#primaryimage\",\"url\":\"https:\/\/mathieucote.art\/wp-content\/uploads\/2016\/07\/1.png\",\"contentUrl\":\"https:\/\/mathieucote.art\/wp-content\/uploads\/2016\/07\/1.png\",\"width\":1370,\"height\":1942},{\"@type\":\"BreadcrumbList\",\"@id\":\"https:\/\/mathieucote.art\/index.php\/produit\/piano-partition-voyage\/#breadcrumb\",\"itemListElement\":[{\"@type\":\"ListItem\",\"position\":1,\"name\":\"Accueil\",\"item\":\"https:\/\/mathieucote.art\/\"},{\"@type\":\"ListItem\",\"position\":2,\"name\":\"Boutique\",\"item\":\"https:\/\/mathieucote.art\/index.php\/boutique-piano-partition-original\/\"},{\"@type\":\"ListItem\",\"position\":3,\"name\":\"Voyage vol1\"}]},{\"@type\":\"WebSite\",\"@id\":\"https:\/\/mathieucote.art\/#website\",\"url\":\"https:\/\/mathieucote.art\/\",\"name\":\"Mathieu Cot\u00e9\",\"description\":\"Des notes pour r\u00eaver\",\"potentialAction\":[{\"@type\":\"SearchAction\",\"target\":{\"@type\":\"EntryPoint\",\"urlTemplate\":\"https:\/\/mathieucote.art\/?s={search_term_string}\"},\"query-input\":{\"@type\":\"PropertyValueSpecification\",\"valueRequired\":true,\"valueName\":\"search_term_string\"}}],\"inLanguage\":\"fr-FR\"}]}<\/script>\n<!-- \/ Yoast SEO plugin. -->","yoast_head_json":{"title":"Voyage vol1 - Mathieu Cot\u00e9","description":"Explorez Voyage Vol 1! Partition original pour piano m\u00ealant sonorit\u00e9s et rythmes venus d\u2019ailleurs, pour un voyage musical unique \u00e0 travers diff\u00e9rents pays.","robots":{"index":"index","follow":"follow","max-snippet":"max-snippet:-1","max-image-preview":"max-image-preview:large","max-video-preview":"max-video-preview:-1"},"canonical":"https:\/\/mathieucote.art\/index.php\/produit\/piano-partition-voyage\/","og_locale":"fr_FR","og_type":"article","og_title":"Voyage vol1 - Mathieu Cot\u00e9","og_description":"Explorez Voyage Vol 1! Partition original pour piano m\u00ealant sonorit\u00e9s et rythmes venus d\u2019ailleurs, pour un voyage musical unique \u00e0 travers diff\u00e9rents pays.","og_url":"https:\/\/mathieucote.art\/index.php\/produit\/piano-partition-voyage\/","og_site_name":"Mathieu Cot\u00e9","article_modified_time":"2025-11-01T14:49:12+00:00","og_image":[{"width":722,"height":1024,"url":"http:\/\/mathieucote.art\/wp-content\/uploads\/2016\/07\/1-722x1024.png","type":"image\/png"}],"twitter_card":"summary_large_image","twitter_misc":{"Dur\u00e9e de lecture estim\u00e9e":"1 minute"},"schema":{"@context":"https:\/\/schema.org","@graph":[{"@type":"WebPage","@id":"https:\/\/mathieucote.art\/index.php\/produit\/piano-partition-voyage\/","url":"https:\/\/mathieucote.art\/index.php\/produit\/piano-partition-voyage\/","name":"Voyage vol1 - Mathieu Cot\u00e9","isPartOf":{"@id":"https:\/\/mathieucote.art\/#website"},"primaryImageOfPage":{"@id":"https:\/\/mathieucote.art\/index.php\/produit\/piano-partition-voyage\/#primaryimage"},"image":{"@id":"https:\/\/mathieucote.art\/index.php\/produit\/piano-partition-voyage\/#primaryimage"},"thumbnailUrl":"https:\/\/mathieucote.art\/wp-content\/uploads\/2016\/07\/1.png","datePublished":"2016-07-29T08:50:49+00:00","dateModified":"2025-11-01T14:49:12+00:00","description":"Explorez Voyage Vol 1! Partition original pour piano m\u00ealant sonorit\u00e9s et rythmes venus d\u2019ailleurs, pour un voyage musical unique \u00e0 travers diff\u00e9rents pays.","breadcrumb":{"@id":"https:\/\/mathieucote.art\/index.php\/produit\/piano-partition-voyage\/#breadcrumb"},"inLanguage":"fr-FR","potentialAction":[{"@type":"ReadAction","target":["https:\/\/mathieucote.art\/index.php\/produit\/piano-partition-voyage\/"]}]},{"@type":"ImageObject","inLanguage":"fr-FR","@id":"https:\/\/mathieucote.art\/index.php\/produit\/piano-partition-voyage\/#primaryimage","url":"https:\/\/mathieucote.art\/wp-content\/uploads\/2016\/07\/1.png","contentUrl":"https:\/\/mathieucote.art\/wp-content\/uploads\/2016\/07\/1.png","width":1370,"height":1942},{"@type":"BreadcrumbList","@id":"https:\/\/mathieucote.art\/index.php\/produit\/piano-partition-voyage\/#breadcrumb","itemListElement":[{"@type":"ListItem","position":1,"name":"Accueil","item":"https:\/\/mathieucote.art\/"},{"@type":"ListItem","position":2,"name":"Boutique","item":"https:\/\/mathieucote.art\/index.php\/boutique-piano-partition-original\/"},{"@type":"ListItem","position":3,"name":"Voyage vol1"}]},{"@type":"WebSite","@id":"https:\/\/mathieucote.art\/#website","url":"https:\/\/mathieucote.art\/","name":"Mathieu Cot\u00e9","description":"Des notes pour r\u00eaver","potentialAction":[{"@type":"SearchAction","target":{"@type":"EntryPoint","urlTemplate":"https:\/\/mathieucote.art\/?s={search_term_string}"},"query-input":{"@type":"PropertyValueSpecification","valueRequired":true,"valueName":"search_term_string"}}],"inLanguage":"fr-FR"}]}},"jetpack_sharing_enabled":true,"_links":{"self":[{"href":"https:\/\/mathieucote.art\/index.php\/wp-json\/wp\/v2\/product\/292","targetHints":{"allow":["GET"]}}],"collection":[{"href":"https:\/\/mathieucote.art\/index.php\/wp-json\/wp\/v2\/product"}],"about":[{"href":"https:\/\/mathieucote.art\/index.php\/wp-json\/wp\/v2\/types\/product"}],"replies":[{"embeddable":true,"href":"https:\/\/mathieucote.art\/index.php\/wp-json\/wp\/v2\/comments?post=292"}],"wp:featuredmedia":[{"embeddable":true,"href":"https:\/\/mathieucote.art\/index.php\/wp-json\/wp\/v2\/media\/2882"}],"wp:attachment":[{"href":"https:\/\/mathieucote.art\/index.php\/wp-json\/wp\/v2\/media?parent=292"}],"wp:term":[{"taxonomy":"product_brand","embeddable":true,"href":"https:\/\/mathieucote.art\/index.php\/wp-json\/wp\/v2\/product_brand?post=292"},{"taxonomy":"product_cat","embeddable":true,"href":"https:\/\/mathieucote.art\/index.php\/wp-json\/wp\/v2\/product_cat?post=292"},{"taxonomy":"product_tag","embeddable":true,"href":"https:\/\/mathieucote.art\/index.php\/wp-json\/wp\/v2\/product_tag?post=292"}],"curies":[{"name":"wp","href":"https:\/\/api.w.org\/{rel}","templated":true}]}}