{"id":2715,"date":"2025-09-17T20:24:13","date_gmt":"2025-09-17T18:24:13","guid":{"rendered":"http:\/\/mathieucote.art\/?post_type=product&#038;p=2715"},"modified":"2025-12-07T11:07:30","modified_gmt":"2025-12-07T10:07:30","slug":"en-martinique","status":"publish","type":"product","link":"https:\/\/mathieucote.art\/index.php\/produit\/en-martinique\/","title":{"rendered":"En Martinique"},"content":{"rendered":"","protected":false},"excerpt":{"rendered":"[audio wav=\"http:\/\/mathieucote.art\/wp-content\/uploads\/2025\/09\/Souskay-version-courte.wav\"][\/audio]\n<p>&nbsp;<\/p>\n<p data-start=\"127\" data-end=\"482\">Cette <strong data-start=\"161\" data-end=\"200\">partition originale pour piano solo<\/strong> vous transporte au c\u0153ur des <strong data-start=\"229\" data-end=\"241\">Cara\u00efbes<\/strong>, port\u00e9e par le rythme envo\u00fbtant de la <strong data-start=\"280\" data-end=\"291\">biguine<\/strong> et ponctu\u00e9e de m\u00e9lodies inspir\u00e9es de la <strong data-start=\"332\" data-end=\"352\">fl\u00fbte des mornes<\/strong>, l\u2019instrument embl\u00e9matique de la Martinique.<br data-start=\"393\" data-end=\"396\" data-is-only-node=\"\" \/>Tout y est pour vous plonger dans l\u2019ambiance locale et vibrer au son des tropiques !<\/p>\n<ul data-start=\"484\" data-end=\"707\">\n<li data-start=\"484\" data-end=\"511\">\n<p data-start=\"486\" data-end=\"511\"><strong data-start=\"486\" data-end=\"502\">Collection :<\/strong> Voyage<\/p>\n<\/li>\n<li data-start=\"512\" data-end=\"547\">\n<p data-start=\"514\" data-end=\"547\"><strong data-start=\"514\" data-end=\"526\">Format :<\/strong> feuillet \u00e0 l\u2019unit\u00e9<\/p>\n<\/li>\n<li data-start=\"548\" data-end=\"594\">\n<p data-start=\"550\" data-end=\"594\"><strong data-start=\"550\" data-end=\"562\">Niveau :<\/strong> Difficile (rythmes exigeants)<\/p>\n<\/li>\n<li data-start=\"595\" data-end=\"622\">\n<p data-start=\"597\" data-end=\"622\"><strong data-start=\"597\" data-end=\"618\">Nombre de pages :<\/strong> 4<\/p>\n<\/li>\n<li data-start=\"623\" data-end=\"707\">\n<p data-start=\"625\" data-end=\"707\"><strong data-start=\"625\" data-end=\"635\">Type :<\/strong> partition num\u00e9rique, t\u00e9l\u00e9chargement imm\u00e9diat et impression \u00e0 domicile<\/p>\n<\/li>\n<\/ul>\n","protected":false},"featured_media":2969,"comment_status":"open","ping_status":"closed","template":"","meta":[],"product_brand":[],"product_cat":[52],"product_tag":[],"class_list":{"0":"post-2715","1":"product","2":"type-product","3":"status-publish","4":"has-post-thumbnail","6":"product_cat-telechargeables","8":"first","9":"instock","10":"downloadable","11":"virtual","12":"purchasable","13":"product-type-simple","14":"layout-style-1","15":"col-md-4 col-sm-4 col-xs-6","16":"col-lg-3","17":"product-has-gallery","18":"product-style-default"},"yoast_head":"<!-- This site is optimized with the Yoast SEO plugin v27.2 - https:\/\/yoast.com\/product\/yoast-seo-wordpress\/ -->\n<title>En Martinique - Mathieu Cot\u00e9<\/title>\n<meta name=\"description\" content=\"Partition pour piano qui vous transporte dans la Cara\u00efbe ! Pr\u00e9parer vous \u00e0 faire danser avec votre piano! Niveau difficile\" \/>\n<meta name=\"robots\" content=\"index, follow, max-snippet:-1, max-image-preview:large, max-video-preview:-1\" \/>\n<link rel=\"canonical\" href=\"https:\/\/mathieucote.art\/index.php\/produit\/en-martinique\/\" \/>\n<meta property=\"og:locale\" content=\"fr_FR\" \/>\n<meta property=\"og:type\" content=\"article\" \/>\n<meta property=\"og:title\" content=\"En Martinique - Mathieu Cot\u00e9\" \/>\n<meta property=\"og:description\" content=\"Partition pour piano qui vous transporte dans la Cara\u00efbe ! Pr\u00e9parer vous \u00e0 faire danser avec votre piano! Niveau difficile\" \/>\n<meta property=\"og:url\" content=\"https:\/\/mathieucote.art\/index.php\/produit\/en-martinique\/\" \/>\n<meta property=\"og:site_name\" content=\"Mathieu Cot\u00e9\" \/>\n<meta property=\"article:modified_time\" content=\"2025-12-07T10:07:30+00:00\" \/>\n<meta name=\"twitter:card\" content=\"summary_large_image\" \/>\n<meta name=\"twitter:label1\" content=\"Dur\u00e9e de lecture estim\u00e9e\" \/>\n\t<meta name=\"twitter:data1\" content=\"1 minute\" \/>\n<script type=\"application\/ld+json\" class=\"yoast-schema-graph\">{\"@context\":\"https:\/\/schema.org\",\"@graph\":[{\"@type\":\"WebPage\",\"@id\":\"https:\/\/mathieucote.art\/index.php\/produit\/en-martinique\/\",\"url\":\"https:\/\/mathieucote.art\/index.php\/produit\/en-martinique\/\",\"name\":\"En Martinique - Mathieu Cot\u00e9\",\"isPartOf\":{\"@id\":\"https:\/\/mathieucote.art\/#website\"},\"primaryImageOfPage\":{\"@id\":\"https:\/\/mathieucote.art\/index.php\/produit\/en-martinique\/#primaryimage\"},\"image\":{\"@id\":\"https:\/\/mathieucote.art\/index.php\/produit\/en-martinique\/#primaryimage\"},\"thumbnailUrl\":\"https:\/\/mathieucote.art\/wp-content\/uploads\/2025\/09\/Souskay-Mango_1-pdf.jpg\",\"datePublished\":\"2025-09-17T18:24:13+00:00\",\"dateModified\":\"2025-12-07T10:07:30+00:00\",\"description\":\"Partition pour piano qui vous transporte dans la Cara\u00efbe ! Pr\u00e9parer vous \u00e0 faire danser avec votre piano! Niveau difficile\",\"breadcrumb\":{\"@id\":\"https:\/\/mathieucote.art\/index.php\/produit\/en-martinique\/#breadcrumb\"},\"inLanguage\":\"fr-FR\",\"potentialAction\":[{\"@type\":\"ReadAction\",\"target\":[\"https:\/\/mathieucote.art\/index.php\/produit\/en-martinique\/\"]}]},{\"@type\":\"ImageObject\",\"inLanguage\":\"fr-FR\",\"@id\":\"https:\/\/mathieucote.art\/index.php\/produit\/en-martinique\/#primaryimage\",\"url\":\"https:\/\/mathieucote.art\/wp-content\/uploads\/2025\/09\/Souskay-Mango_1-pdf.jpg\",\"contentUrl\":\"https:\/\/mathieucote.art\/wp-content\/uploads\/2025\/09\/Souskay-Mango_1-pdf.jpg\"},{\"@type\":\"BreadcrumbList\",\"@id\":\"https:\/\/mathieucote.art\/index.php\/produit\/en-martinique\/#breadcrumb\",\"itemListElement\":[{\"@type\":\"ListItem\",\"position\":1,\"name\":\"Accueil\",\"item\":\"https:\/\/mathieucote.art\/\"},{\"@type\":\"ListItem\",\"position\":2,\"name\":\"Boutique\",\"item\":\"https:\/\/mathieucote.art\/index.php\/boutique-piano-partition-original\/\"},{\"@type\":\"ListItem\",\"position\":3,\"name\":\"En Martinique\"}]},{\"@type\":\"WebSite\",\"@id\":\"https:\/\/mathieucote.art\/#website\",\"url\":\"https:\/\/mathieucote.art\/\",\"name\":\"Mathieu Cot\u00e9\",\"description\":\"Des notes pour r\u00eaver\",\"potentialAction\":[{\"@type\":\"SearchAction\",\"target\":{\"@type\":\"EntryPoint\",\"urlTemplate\":\"https:\/\/mathieucote.art\/?s={search_term_string}\"},\"query-input\":{\"@type\":\"PropertyValueSpecification\",\"valueRequired\":true,\"valueName\":\"search_term_string\"}}],\"inLanguage\":\"fr-FR\"}]}<\/script>\n<!-- \/ Yoast SEO plugin. -->","yoast_head_json":{"title":"En Martinique - Mathieu Cot\u00e9","description":"Partition pour piano qui vous transporte dans la Cara\u00efbe ! Pr\u00e9parer vous \u00e0 faire danser avec votre piano! Niveau difficile","robots":{"index":"index","follow":"follow","max-snippet":"max-snippet:-1","max-image-preview":"max-image-preview:large","max-video-preview":"max-video-preview:-1"},"canonical":"https:\/\/mathieucote.art\/index.php\/produit\/en-martinique\/","og_locale":"fr_FR","og_type":"article","og_title":"En Martinique - Mathieu Cot\u00e9","og_description":"Partition pour piano qui vous transporte dans la Cara\u00efbe ! Pr\u00e9parer vous \u00e0 faire danser avec votre piano! Niveau difficile","og_url":"https:\/\/mathieucote.art\/index.php\/produit\/en-martinique\/","og_site_name":"Mathieu Cot\u00e9","article_modified_time":"2025-12-07T10:07:30+00:00","twitter_card":"summary_large_image","twitter_misc":{"Dur\u00e9e de lecture estim\u00e9e":"1 minute"},"schema":{"@context":"https:\/\/schema.org","@graph":[{"@type":"WebPage","@id":"https:\/\/mathieucote.art\/index.php\/produit\/en-martinique\/","url":"https:\/\/mathieucote.art\/index.php\/produit\/en-martinique\/","name":"En Martinique - Mathieu Cot\u00e9","isPartOf":{"@id":"https:\/\/mathieucote.art\/#website"},"primaryImageOfPage":{"@id":"https:\/\/mathieucote.art\/index.php\/produit\/en-martinique\/#primaryimage"},"image":{"@id":"https:\/\/mathieucote.art\/index.php\/produit\/en-martinique\/#primaryimage"},"thumbnailUrl":"https:\/\/mathieucote.art\/wp-content\/uploads\/2025\/09\/Souskay-Mango_1-pdf.jpg","datePublished":"2025-09-17T18:24:13+00:00","dateModified":"2025-12-07T10:07:30+00:00","description":"Partition pour piano qui vous transporte dans la Cara\u00efbe ! Pr\u00e9parer vous \u00e0 faire danser avec votre piano! Niveau difficile","breadcrumb":{"@id":"https:\/\/mathieucote.art\/index.php\/produit\/en-martinique\/#breadcrumb"},"inLanguage":"fr-FR","potentialAction":[{"@type":"ReadAction","target":["https:\/\/mathieucote.art\/index.php\/produit\/en-martinique\/"]}]},{"@type":"ImageObject","inLanguage":"fr-FR","@id":"https:\/\/mathieucote.art\/index.php\/produit\/en-martinique\/#primaryimage","url":"https:\/\/mathieucote.art\/wp-content\/uploads\/2025\/09\/Souskay-Mango_1-pdf.jpg","contentUrl":"https:\/\/mathieucote.art\/wp-content\/uploads\/2025\/09\/Souskay-Mango_1-pdf.jpg"},{"@type":"BreadcrumbList","@id":"https:\/\/mathieucote.art\/index.php\/produit\/en-martinique\/#breadcrumb","itemListElement":[{"@type":"ListItem","position":1,"name":"Accueil","item":"https:\/\/mathieucote.art\/"},{"@type":"ListItem","position":2,"name":"Boutique","item":"https:\/\/mathieucote.art\/index.php\/boutique-piano-partition-original\/"},{"@type":"ListItem","position":3,"name":"En Martinique"}]},{"@type":"WebSite","@id":"https:\/\/mathieucote.art\/#website","url":"https:\/\/mathieucote.art\/","name":"Mathieu Cot\u00e9","description":"Des notes pour r\u00eaver","potentialAction":[{"@type":"SearchAction","target":{"@type":"EntryPoint","urlTemplate":"https:\/\/mathieucote.art\/?s={search_term_string}"},"query-input":{"@type":"PropertyValueSpecification","valueRequired":true,"valueName":"search_term_string"}}],"inLanguage":"fr-FR"}]}},"jetpack_sharing_enabled":true,"_links":{"self":[{"href":"https:\/\/mathieucote.art\/index.php\/wp-json\/wp\/v2\/product\/2715","targetHints":{"allow":["GET"]}}],"collection":[{"href":"https:\/\/mathieucote.art\/index.php\/wp-json\/wp\/v2\/product"}],"about":[{"href":"https:\/\/mathieucote.art\/index.php\/wp-json\/wp\/v2\/types\/product"}],"replies":[{"embeddable":true,"href":"https:\/\/mathieucote.art\/index.php\/wp-json\/wp\/v2\/comments?post=2715"}],"wp:featuredmedia":[{"embeddable":true,"href":"https:\/\/mathieucote.art\/index.php\/wp-json\/wp\/v2\/media\/2969"}],"wp:attachment":[{"href":"https:\/\/mathieucote.art\/index.php\/wp-json\/wp\/v2\/media?parent=2715"}],"wp:term":[{"taxonomy":"product_brand","embeddable":true,"href":"https:\/\/mathieucote.art\/index.php\/wp-json\/wp\/v2\/product_brand?post=2715"},{"taxonomy":"product_cat","embeddable":true,"href":"https:\/\/mathieucote.art\/index.php\/wp-json\/wp\/v2\/product_cat?post=2715"},{"taxonomy":"product_tag","embeddable":true,"href":"https:\/\/mathieucote.art\/index.php\/wp-json\/wp\/v2\/product_tag?post=2715"}],"curies":[{"name":"wp","href":"https:\/\/api.w.org\/{rel}","templated":true}]}}