{"id":2712,"date":"2025-09-17T20:21:11","date_gmt":"2025-09-17T18:21:11","guid":{"rendered":"http:\/\/mathieucote.art\/?post_type=product&#038;p=2712"},"modified":"2025-12-07T11:07:30","modified_gmt":"2025-12-07T10:07:30","slug":"en-bulgarie","status":"publish","type":"product","link":"https:\/\/mathieucote.art\/index.php\/produit\/en-bulgarie\/","title":{"rendered":"En Bulgarie"},"content":{"rendered":"","protected":false},"excerpt":{"rendered":"<p data-start=\"89\" data-end=\"395\"><strong data-start=\"89\" data-end=\"114\">Description produit :<\/strong><br data-start=\"114\" data-end=\"117\" \/>Cette <strong data-start=\"123\" data-end=\"162\">partition originale pour piano solo<\/strong>, issue de la collection <strong data-start=\"187\" data-end=\"201\">\u00ab\u202fVoyage\u202f\u00bb<\/strong>, vous plonge dans l\u2019univers musical des <strong data-start=\"242\" data-end=\"253\">Balkans<\/strong>.<br data-start=\"254\" data-end=\"257\" \/>Cette <strong data-start=\"263\" data-end=\"290\">pi\u00e8ce courte et festive<\/strong> est pleine d\u2019\u00e9nergie et de rythmes entra\u00eenants, parfaite pour faire danser vos doigts et vos oreilles.<\/p>\n<ul data-start=\"397\" data-end=\"545\">\n<li data-start=\"397\" data-end=\"432\">\n<p data-start=\"399\" data-end=\"432\"><strong data-start=\"399\" data-end=\"411\">Format :<\/strong> feuillet \u00e0 l\u2019unit\u00e9<\/p>\n<\/li>\n<li data-start=\"433\" data-end=\"460\">\n<p data-start=\"435\" data-end=\"460\"><strong data-start=\"435\" data-end=\"456\">Nombre de pages :<\/strong> 2<\/p>\n<\/li>\n<li data-start=\"461\" data-end=\"545\">\n<p data-start=\"463\" data-end=\"545\"><strong data-start=\"463\" data-end=\"473\">Type :<\/strong> partition num\u00e9rique, t\u00e9l\u00e9chargement imm\u00e9diat et impression \u00e0 domicile<\/p>\n<\/li>\n<\/ul>\n<p data-start=\"547\" data-end=\"736\">\n[audio wav=\"http:\/\/mathieucote.art\/wp-content\/uploads\/2025\/09\/En-Bulgarie-version-courte-01.wav\"][\/audio]\n","protected":false},"featured_media":2971,"comment_status":"open","ping_status":"closed","template":"","meta":[],"product_brand":[],"product_cat":[52],"product_tag":[],"class_list":{"0":"post-2712","1":"product","2":"type-product","3":"status-publish","4":"has-post-thumbnail","6":"product_cat-telechargeables","8":"first","9":"instock","10":"downloadable","11":"virtual","12":"purchasable","13":"product-type-simple","14":"layout-style-1","15":"col-md-4 col-sm-4 col-xs-6","16":"col-lg-3","17":"product-has-gallery","18":"product-style-default"},"yoast_head":"<!-- This site is optimized with the Yoast SEO plugin v27.2 - https:\/\/yoast.com\/product\/yoast-seo-wordpress\/ -->\n<title>En Bulgarie - Mathieu Cot\u00e9<\/title>\n<meta name=\"description\" content=\"D\u00e9couvrez une partition originale pour piano solo, inspir\u00e9e des Balkans. Une pi\u00e8ce courte, festive et entra\u00eenante, \u00e0 t\u00e9l\u00e9charger et imprimer.\" \/>\n<meta name=\"robots\" content=\"index, follow, max-snippet:-1, max-image-preview:large, max-video-preview:-1\" \/>\n<link rel=\"canonical\" href=\"https:\/\/mathieucote.art\/index.php\/produit\/en-bulgarie\/\" \/>\n<meta property=\"og:locale\" content=\"fr_FR\" \/>\n<meta property=\"og:type\" content=\"article\" \/>\n<meta property=\"og:title\" content=\"En Bulgarie - Mathieu Cot\u00e9\" \/>\n<meta property=\"og:description\" content=\"D\u00e9couvrez une partition originale pour piano solo, inspir\u00e9e des Balkans. Une pi\u00e8ce courte, festive et entra\u00eenante, \u00e0 t\u00e9l\u00e9charger et imprimer.\" \/>\n<meta property=\"og:url\" content=\"https:\/\/mathieucote.art\/index.php\/produit\/en-bulgarie\/\" \/>\n<meta property=\"og:site_name\" content=\"Mathieu Cot\u00e9\" \/>\n<meta property=\"article:modified_time\" content=\"2025-12-07T10:07:30+00:00\" \/>\n<meta name=\"twitter:card\" content=\"summary_large_image\" \/>\n<meta name=\"twitter:label1\" content=\"Dur\u00e9e de lecture estim\u00e9e\" \/>\n\t<meta name=\"twitter:data1\" content=\"1 minute\" \/>\n<script type=\"application\/ld+json\" class=\"yoast-schema-graph\">{\"@context\":\"https:\/\/schema.org\",\"@graph\":[{\"@type\":\"WebPage\",\"@id\":\"https:\/\/mathieucote.art\/index.php\/produit\/en-bulgarie\/\",\"url\":\"https:\/\/mathieucote.art\/index.php\/produit\/en-bulgarie\/\",\"name\":\"En Bulgarie - Mathieu Cot\u00e9\",\"isPartOf\":{\"@id\":\"https:\/\/mathieucote.art\/#website\"},\"primaryImageOfPage\":{\"@id\":\"https:\/\/mathieucote.art\/index.php\/produit\/en-bulgarie\/#primaryimage\"},\"image\":{\"@id\":\"https:\/\/mathieucote.art\/index.php\/produit\/en-bulgarie\/#primaryimage\"},\"thumbnailUrl\":\"https:\/\/mathieucote.art\/wp-content\/uploads\/2025\/09\/Voyage-en-Balkanie-_1-pdf.jpg\",\"datePublished\":\"2025-09-17T18:21:11+00:00\",\"dateModified\":\"2025-12-07T10:07:30+00:00\",\"description\":\"D\u00e9couvrez une partition originale pour piano solo, inspir\u00e9e des Balkans. Une pi\u00e8ce courte, festive et entra\u00eenante, \u00e0 t\u00e9l\u00e9charger et imprimer.\",\"breadcrumb\":{\"@id\":\"https:\/\/mathieucote.art\/index.php\/produit\/en-bulgarie\/#breadcrumb\"},\"inLanguage\":\"fr-FR\",\"potentialAction\":[{\"@type\":\"ReadAction\",\"target\":[\"https:\/\/mathieucote.art\/index.php\/produit\/en-bulgarie\/\"]}]},{\"@type\":\"ImageObject\",\"inLanguage\":\"fr-FR\",\"@id\":\"https:\/\/mathieucote.art\/index.php\/produit\/en-bulgarie\/#primaryimage\",\"url\":\"https:\/\/mathieucote.art\/wp-content\/uploads\/2025\/09\/Voyage-en-Balkanie-_1-pdf.jpg\",\"contentUrl\":\"https:\/\/mathieucote.art\/wp-content\/uploads\/2025\/09\/Voyage-en-Balkanie-_1-pdf.jpg\"},{\"@type\":\"BreadcrumbList\",\"@id\":\"https:\/\/mathieucote.art\/index.php\/produit\/en-bulgarie\/#breadcrumb\",\"itemListElement\":[{\"@type\":\"ListItem\",\"position\":1,\"name\":\"Accueil\",\"item\":\"https:\/\/mathieucote.art\/\"},{\"@type\":\"ListItem\",\"position\":2,\"name\":\"Boutique\",\"item\":\"https:\/\/mathieucote.art\/index.php\/boutique-piano-partition-original\/\"},{\"@type\":\"ListItem\",\"position\":3,\"name\":\"En Bulgarie\"}]},{\"@type\":\"WebSite\",\"@id\":\"https:\/\/mathieucote.art\/#website\",\"url\":\"https:\/\/mathieucote.art\/\",\"name\":\"Mathieu Cot\u00e9\",\"description\":\"Des notes pour r\u00eaver\",\"potentialAction\":[{\"@type\":\"SearchAction\",\"target\":{\"@type\":\"EntryPoint\",\"urlTemplate\":\"https:\/\/mathieucote.art\/?s={search_term_string}\"},\"query-input\":{\"@type\":\"PropertyValueSpecification\",\"valueRequired\":true,\"valueName\":\"search_term_string\"}}],\"inLanguage\":\"fr-FR\"}]}<\/script>\n<!-- \/ Yoast SEO plugin. -->","yoast_head_json":{"title":"En Bulgarie - Mathieu Cot\u00e9","description":"D\u00e9couvrez une partition originale pour piano solo, inspir\u00e9e des Balkans. Une pi\u00e8ce courte, festive et entra\u00eenante, \u00e0 t\u00e9l\u00e9charger et imprimer.","robots":{"index":"index","follow":"follow","max-snippet":"max-snippet:-1","max-image-preview":"max-image-preview:large","max-video-preview":"max-video-preview:-1"},"canonical":"https:\/\/mathieucote.art\/index.php\/produit\/en-bulgarie\/","og_locale":"fr_FR","og_type":"article","og_title":"En Bulgarie - Mathieu Cot\u00e9","og_description":"D\u00e9couvrez une partition originale pour piano solo, inspir\u00e9e des Balkans. Une pi\u00e8ce courte, festive et entra\u00eenante, \u00e0 t\u00e9l\u00e9charger et imprimer.","og_url":"https:\/\/mathieucote.art\/index.php\/produit\/en-bulgarie\/","og_site_name":"Mathieu Cot\u00e9","article_modified_time":"2025-12-07T10:07:30+00:00","twitter_card":"summary_large_image","twitter_misc":{"Dur\u00e9e de lecture estim\u00e9e":"1 minute"},"schema":{"@context":"https:\/\/schema.org","@graph":[{"@type":"WebPage","@id":"https:\/\/mathieucote.art\/index.php\/produit\/en-bulgarie\/","url":"https:\/\/mathieucote.art\/index.php\/produit\/en-bulgarie\/","name":"En Bulgarie - Mathieu Cot\u00e9","isPartOf":{"@id":"https:\/\/mathieucote.art\/#website"},"primaryImageOfPage":{"@id":"https:\/\/mathieucote.art\/index.php\/produit\/en-bulgarie\/#primaryimage"},"image":{"@id":"https:\/\/mathieucote.art\/index.php\/produit\/en-bulgarie\/#primaryimage"},"thumbnailUrl":"https:\/\/mathieucote.art\/wp-content\/uploads\/2025\/09\/Voyage-en-Balkanie-_1-pdf.jpg","datePublished":"2025-09-17T18:21:11+00:00","dateModified":"2025-12-07T10:07:30+00:00","description":"D\u00e9couvrez une partition originale pour piano solo, inspir\u00e9e des Balkans. Une pi\u00e8ce courte, festive et entra\u00eenante, \u00e0 t\u00e9l\u00e9charger et imprimer.","breadcrumb":{"@id":"https:\/\/mathieucote.art\/index.php\/produit\/en-bulgarie\/#breadcrumb"},"inLanguage":"fr-FR","potentialAction":[{"@type":"ReadAction","target":["https:\/\/mathieucote.art\/index.php\/produit\/en-bulgarie\/"]}]},{"@type":"ImageObject","inLanguage":"fr-FR","@id":"https:\/\/mathieucote.art\/index.php\/produit\/en-bulgarie\/#primaryimage","url":"https:\/\/mathieucote.art\/wp-content\/uploads\/2025\/09\/Voyage-en-Balkanie-_1-pdf.jpg","contentUrl":"https:\/\/mathieucote.art\/wp-content\/uploads\/2025\/09\/Voyage-en-Balkanie-_1-pdf.jpg"},{"@type":"BreadcrumbList","@id":"https:\/\/mathieucote.art\/index.php\/produit\/en-bulgarie\/#breadcrumb","itemListElement":[{"@type":"ListItem","position":1,"name":"Accueil","item":"https:\/\/mathieucote.art\/"},{"@type":"ListItem","position":2,"name":"Boutique","item":"https:\/\/mathieucote.art\/index.php\/boutique-piano-partition-original\/"},{"@type":"ListItem","position":3,"name":"En Bulgarie"}]},{"@type":"WebSite","@id":"https:\/\/mathieucote.art\/#website","url":"https:\/\/mathieucote.art\/","name":"Mathieu Cot\u00e9","description":"Des notes pour r\u00eaver","potentialAction":[{"@type":"SearchAction","target":{"@type":"EntryPoint","urlTemplate":"https:\/\/mathieucote.art\/?s={search_term_string}"},"query-input":{"@type":"PropertyValueSpecification","valueRequired":true,"valueName":"search_term_string"}}],"inLanguage":"fr-FR"}]}},"jetpack_sharing_enabled":true,"_links":{"self":[{"href":"https:\/\/mathieucote.art\/index.php\/wp-json\/wp\/v2\/product\/2712","targetHints":{"allow":["GET"]}}],"collection":[{"href":"https:\/\/mathieucote.art\/index.php\/wp-json\/wp\/v2\/product"}],"about":[{"href":"https:\/\/mathieucote.art\/index.php\/wp-json\/wp\/v2\/types\/product"}],"replies":[{"embeddable":true,"href":"https:\/\/mathieucote.art\/index.php\/wp-json\/wp\/v2\/comments?post=2712"}],"wp:featuredmedia":[{"embeddable":true,"href":"https:\/\/mathieucote.art\/index.php\/wp-json\/wp\/v2\/media\/2971"}],"wp:attachment":[{"href":"https:\/\/mathieucote.art\/index.php\/wp-json\/wp\/v2\/media?parent=2712"}],"wp:term":[{"taxonomy":"product_brand","embeddable":true,"href":"https:\/\/mathieucote.art\/index.php\/wp-json\/wp\/v2\/product_brand?post=2712"},{"taxonomy":"product_cat","embeddable":true,"href":"https:\/\/mathieucote.art\/index.php\/wp-json\/wp\/v2\/product_cat?post=2712"},{"taxonomy":"product_tag","embeddable":true,"href":"https:\/\/mathieucote.art\/index.php\/wp-json\/wp\/v2\/product_tag?post=2712"}],"curies":[{"name":"wp","href":"https:\/\/api.w.org\/{rel}","templated":true}]}}