{"id":319,"date":"2016-08-23T04:15:21","date_gmt":"2016-08-23T04:15:21","guid":{"rendered":"http:\/\/demo.uix.store\/sober\/?page_id=319"},"modified":"2026-03-24T14:12:23","modified_gmt":"2026-03-24T13:12:23","slug":"about-us","status":"publish","type":"page","link":"https:\/\/mathieucote.art\/index.php\/about-us\/","title":{"rendered":"\u00c0 propos"},"content":{"rendered":"<div class=\"wpb-content-wrapper\"><p>[vc_row css=\u00a0\u00bb.vc_custom_1480665418505{margin-top: 20px !important;margin-bottom: 90px !important;}\u00a0\u00bb][vc_column width=\u00a0\u00bb2\/3&Prime; offset=\u00a0\u00bbvc_col-lg-offset-2 vc_col-lg-8 vc_col-md-offset-0 vc_col-md-12 vc_col-sm-offset-0&Prime;][vc_column_text css=\u00a0\u00bb\u00a0\u00bb]<\/p>\n<h3>La musique.<br \/>\nC\u2019est un mode de vie.<br \/>\n\u00c7a devient un peu tous les jours,<br \/>\net aussi les nuits.<br \/>\nC\u2019est parfois r\u00e9confortant, parfois d\u00e9stabilisant.<br \/>\nSouvent obs\u00e9dant.<br \/>\nEt puis, sans pr\u00e9venir&#8230;<br \/>\nElle devient ta vie.<\/h3>\n<p>Je l\u2019ai d\u00e9couverte \u00e0 l\u2019adolescence.<br \/>\nMa m\u00e8re avait r\u00e9cup\u00e9r\u00e9 un vieux piano, qu\u2019elle envisageait de transformer en bar pour l\u2019installer dans la boutique de fleurs qu\u2019elle tenait \u00e0 l\u2019\u00e9poque.<br \/>\nMon p\u00e8re, paysagiste anim\u00e9 par le go\u00fbt de r\u00e9parer les choses, avait naturellement tent\u00e9 de le restaurer.<br \/>\nC\u2019est \u00e0 partir de l\u00e0 que j\u2019ai commenc\u00e9 \u00e0 pianoter.<br \/>\nPeu apr\u00e8s, une rencontre improbable avec un vieil homme singulier qui proposait des cours de piano, m\u2019a permis de mieux comprendre l\u2019instrument et surtout d\u2019apprendre le langage musical.<br \/>\nGr\u00e2ce \u00e0 lui et \u00e0 sa patience, j\u2019ai int\u00e9gr\u00e9, \u00e0 ma majorit\u00e9, la classe de 3e cycle de piano du conservatoire Jacques-Thibaud, \u00e0 Bordeaux.<\/p>\n<p>Une p\u00e9riode difficile a alors commenc\u00e9, marqu\u00e9e par un enseignement trop \u00e9litiste, dans lequel je ne trouvais ma place.<br \/>\nPar hasard, je me suis tourn\u00e9 vers la classe d\u2019\u00e9criture musicale.<br \/>\nAccept\u00e9 d\u2019abord \u00e0 l\u2019essai pour l\u2019\u00e9criture pour ch\u0153urs \u00e0 quatre voix, puis pour le quatuor \u00e0 cordes, j\u2019ai trouv\u00e9 l\u00e0 un terrain propice \u00e0 ma sensibilit\u00e9 ce qui m&rsquo;a permis d&rsquo;obtenir un DEM avec mention. Encourag\u00e9 par ce m\u00eame professeur, j\u2019ai ensuite tent\u00e9 d\u2019int\u00e9grer le CNSM de Paris mais sans succ\u00e8s. Ce fut la fin de mon parcours institutionnel.<\/p>\n<p>Par la suite, je suis devenu professeur de piano tant\u00f4t en milieu associatif tant\u00f4t en en ind\u00e9pendant ce qui m&rsquo;a permis de voyager.<br \/>\nEn parall\u00e8le \u00e0 cela, je me suis mis \u00e0 l&rsquo;accord\u00e9on pour jouer dans la rue lors des march\u00e9s d&rsquo;\u00e9t\u00e9s.<\/p>\n<p>\u00c0 35 ans, j\u2019ai repris des \u00e9tudes en composition pour l\u2019image \u00e0 l\u2019Universit\u00e9 Lyon 2 (Master MAAAV). Ce dipl\u00f4me m\u2019a entrouvert les portes du m\u00e9tier de compositeur pour l\u2019audiovisuel.<br \/>\nBien que cette voie m\u2019ait permis quelques collaborations, j\u2019ai pr\u00e9f\u00e9r\u00e9 revenir \u00e0 une pratique plus intimiste, et centr\u00e9e sur la composition pour piano solo.<\/p>\n<p>Aujourd\u2019hui, je compose, grave mes partitions \u00e0 l\u2019ordinateur, et publie mes \u0153uvres en toute ind\u00e9pendance.[\/vc_column_text][\/vc_column][\/vc_row][vc_row][vc_column][vc_single_image image=\u00a0\u00bb2678&Prime; img_size=\u00a0\u00bbfull\u00a0\u00bb css=\u00a0\u00bb\u00a0\u00bb][\/vc_column][\/vc_row]<\/p>\n<\/div>","protected":false},"excerpt":{"rendered":"<p>[vc_row css=\u00a0\u00bb.vc_custom_1480665418505{margin-top: 20px !important;margin-bottom: 90px !important;}\u00a0\u00bb][vc_column width=\u00a0\u00bb2\/3&Prime; offset=\u00a0\u00bbvc_col-lg-offset-2 vc_col-lg-8 vc_col-md-offset-0 vc_col-md-12 vc_col-sm-offset-0&Prime;][vc_column_text css=\u00a0\u00bb\u00a0\u00bb] La musique.&hellip;<\/p>\n","protected":false},"author":1,"featured_media":0,"parent":0,"menu_order":0,"comment_status":"closed","ping_status":"closed","template":"","meta":{"footnotes":""},"class_list":["post-319","page","type-page","status-publish","hentry"],"yoast_head":"<!-- This site is optimized with the Yoast SEO plugin v27.2 - https:\/\/yoast.com\/product\/yoast-seo-wordpress\/ -->\n<title>\u00c0 propos - Mathieu Cot\u00e9<\/title>\n<meta name=\"description\" content=\"D\u00e9couvrez le parcours de Mathieu Cot\u00e9, cr\u00e9ateur du recueil \u00ab L\u2019Illustr\u00e9e de Lyon \u00bb et plongez dans son univers artistique unique!\" \/>\n<meta name=\"robots\" content=\"index, follow, max-snippet:-1, max-image-preview:large, max-video-preview:-1\" \/>\n<link rel=\"canonical\" href=\"https:\/\/mathieucote.art\/index.php\/about-us\/\" \/>\n<meta property=\"og:locale\" content=\"fr_FR\" \/>\n<meta property=\"og:type\" content=\"article\" \/>\n<meta property=\"og:title\" content=\"\u00c0 propos - Mathieu Cot\u00e9\" \/>\n<meta property=\"og:description\" content=\"D\u00e9couvrez le parcours de Mathieu Cot\u00e9, cr\u00e9ateur du recueil \u00ab L\u2019Illustr\u00e9e de Lyon \u00bb et plongez dans son univers artistique unique!\" \/>\n<meta property=\"og:url\" content=\"https:\/\/mathieucote.art\/index.php\/about-us\/\" \/>\n<meta property=\"og:site_name\" content=\"Mathieu Cot\u00e9\" \/>\n<meta property=\"article:modified_time\" content=\"2026-03-24T13:12:23+00:00\" \/>\n<meta name=\"twitter:card\" content=\"summary_large_image\" \/>\n<meta name=\"twitter:label1\" content=\"Dur\u00e9e de lecture estim\u00e9e\" \/>\n\t<meta name=\"twitter:data1\" content=\"3 minutes\" \/>\n<script type=\"application\/ld+json\" class=\"yoast-schema-graph\">{\"@context\":\"https:\/\/schema.org\",\"@graph\":[{\"@type\":\"WebPage\",\"@id\":\"https:\/\/mathieucote.art\/index.php\/about-us\/\",\"url\":\"https:\/\/mathieucote.art\/index.php\/about-us\/\",\"name\":\"\u00c0 propos - Mathieu Cot\u00e9\",\"isPartOf\":{\"@id\":\"https:\/\/mathieucote.art\/#website\"},\"datePublished\":\"2016-08-23T04:15:21+00:00\",\"dateModified\":\"2026-03-24T13:12:23+00:00\",\"description\":\"D\u00e9couvrez le parcours de Mathieu Cot\u00e9, cr\u00e9ateur du recueil \u00ab L\u2019Illustr\u00e9e de Lyon \u00bb et plongez dans son univers artistique unique!\",\"breadcrumb\":{\"@id\":\"https:\/\/mathieucote.art\/index.php\/about-us\/#breadcrumb\"},\"inLanguage\":\"fr-FR\",\"potentialAction\":[{\"@type\":\"ReadAction\",\"target\":[\"https:\/\/mathieucote.art\/index.php\/about-us\/\"]}]},{\"@type\":\"BreadcrumbList\",\"@id\":\"https:\/\/mathieucote.art\/index.php\/about-us\/#breadcrumb\",\"itemListElement\":[{\"@type\":\"ListItem\",\"position\":1,\"name\":\"Accueil\",\"item\":\"https:\/\/mathieucote.art\/\"},{\"@type\":\"ListItem\",\"position\":2,\"name\":\"\u00c0 propos\"}]},{\"@type\":\"WebSite\",\"@id\":\"https:\/\/mathieucote.art\/#website\",\"url\":\"https:\/\/mathieucote.art\/\",\"name\":\"Mathieu Cot\u00e9\",\"description\":\"Des notes pour r\u00eaver\",\"potentialAction\":[{\"@type\":\"SearchAction\",\"target\":{\"@type\":\"EntryPoint\",\"urlTemplate\":\"https:\/\/mathieucote.art\/?s={search_term_string}\"},\"query-input\":{\"@type\":\"PropertyValueSpecification\",\"valueRequired\":true,\"valueName\":\"search_term_string\"}}],\"inLanguage\":\"fr-FR\"}]}<\/script>\n<!-- \/ Yoast SEO plugin. -->","yoast_head_json":{"title":"\u00c0 propos - Mathieu Cot\u00e9","description":"D\u00e9couvrez le parcours de Mathieu Cot\u00e9, cr\u00e9ateur du recueil \u00ab L\u2019Illustr\u00e9e de Lyon \u00bb et plongez dans son univers artistique unique!","robots":{"index":"index","follow":"follow","max-snippet":"max-snippet:-1","max-image-preview":"max-image-preview:large","max-video-preview":"max-video-preview:-1"},"canonical":"https:\/\/mathieucote.art\/index.php\/about-us\/","og_locale":"fr_FR","og_type":"article","og_title":"\u00c0 propos - Mathieu Cot\u00e9","og_description":"D\u00e9couvrez le parcours de Mathieu Cot\u00e9, cr\u00e9ateur du recueil \u00ab L\u2019Illustr\u00e9e de Lyon \u00bb et plongez dans son univers artistique unique!","og_url":"https:\/\/mathieucote.art\/index.php\/about-us\/","og_site_name":"Mathieu Cot\u00e9","article_modified_time":"2026-03-24T13:12:23+00:00","twitter_card":"summary_large_image","twitter_misc":{"Dur\u00e9e de lecture estim\u00e9e":"3 minutes"},"schema":{"@context":"https:\/\/schema.org","@graph":[{"@type":"WebPage","@id":"https:\/\/mathieucote.art\/index.php\/about-us\/","url":"https:\/\/mathieucote.art\/index.php\/about-us\/","name":"\u00c0 propos - Mathieu Cot\u00e9","isPartOf":{"@id":"https:\/\/mathieucote.art\/#website"},"datePublished":"2016-08-23T04:15:21+00:00","dateModified":"2026-03-24T13:12:23+00:00","description":"D\u00e9couvrez le parcours de Mathieu Cot\u00e9, cr\u00e9ateur du recueil \u00ab L\u2019Illustr\u00e9e de Lyon \u00bb et plongez dans son univers artistique unique!","breadcrumb":{"@id":"https:\/\/mathieucote.art\/index.php\/about-us\/#breadcrumb"},"inLanguage":"fr-FR","potentialAction":[{"@type":"ReadAction","target":["https:\/\/mathieucote.art\/index.php\/about-us\/"]}]},{"@type":"BreadcrumbList","@id":"https:\/\/mathieucote.art\/index.php\/about-us\/#breadcrumb","itemListElement":[{"@type":"ListItem","position":1,"name":"Accueil","item":"https:\/\/mathieucote.art\/"},{"@type":"ListItem","position":2,"name":"\u00c0 propos"}]},{"@type":"WebSite","@id":"https:\/\/mathieucote.art\/#website","url":"https:\/\/mathieucote.art\/","name":"Mathieu Cot\u00e9","description":"Des notes pour r\u00eaver","potentialAction":[{"@type":"SearchAction","target":{"@type":"EntryPoint","urlTemplate":"https:\/\/mathieucote.art\/?s={search_term_string}"},"query-input":{"@type":"PropertyValueSpecification","valueRequired":true,"valueName":"search_term_string"}}],"inLanguage":"fr-FR"}]}},"jetpack_sharing_enabled":true,"_links":{"self":[{"href":"https:\/\/mathieucote.art\/index.php\/wp-json\/wp\/v2\/pages\/319","targetHints":{"allow":["GET"]}}],"collection":[{"href":"https:\/\/mathieucote.art\/index.php\/wp-json\/wp\/v2\/pages"}],"about":[{"href":"https:\/\/mathieucote.art\/index.php\/wp-json\/wp\/v2\/types\/page"}],"author":[{"embeddable":true,"href":"https:\/\/mathieucote.art\/index.php\/wp-json\/wp\/v2\/users\/1"}],"replies":[{"embeddable":true,"href":"https:\/\/mathieucote.art\/index.php\/wp-json\/wp\/v2\/comments?post=319"}],"version-history":[{"count":13,"href":"https:\/\/mathieucote.art\/index.php\/wp-json\/wp\/v2\/pages\/319\/revisions"}],"predecessor-version":[{"id":3087,"href":"https:\/\/mathieucote.art\/index.php\/wp-json\/wp\/v2\/pages\/319\/revisions\/3087"}],"wp:attachment":[{"href":"https:\/\/mathieucote.art\/index.php\/wp-json\/wp\/v2\/media?parent=319"}],"curies":[{"name":"wp","href":"https:\/\/api.w.org\/{rel}","templated":true}]}}