{"id":2797,"date":"2025-09-27T22:45:12","date_gmt":"2025-09-27T20:45:12","guid":{"rendered":"https:\/\/mathieucote.art\/?page_id=2797"},"modified":"2025-09-27T22:45:12","modified_gmt":"2025-09-27T20:45:12","slug":"conditions-generales-de-vente-cgv","status":"publish","type":"page","link":"https:\/\/mathieucote.art\/index.php\/conditions-generales-de-vente-cgv\/","title":{"rendered":"Conditions G\u00e9n\u00e9rales de Vente (CGV)"},"content":{"rendered":"<div class=\"wpb-content-wrapper\"><p>[vc_row css=\u00a0\u00bb.vc_custom_1480660608661{margin-bottom: 70px !important;}\u00a0\u00bb][vc_column width=\u00a0\u00bb2\/3&Prime; offset=\u00a0\u00bbvc_col-lg-offset-2 vc_col-lg-8 vc_col-md-offset-0 vc_col-md-12&Prime;][vc_column_text css=\u00a0\u00bb\u00a0\u00bb]<\/p>\n<p style=\"color: #23232c; font-size: 22px; line-height: 34px; font-weight: 500;\"><strong>\u00c9diteur<\/strong><\/p>\n<p style=\"font-size: 16px;\">Le site mathieucote.art est \u00e9dit\u00e9 par Mathieu Cot\u00e9, auto-entrepreneur, SIRET 813 063 393 0041, domicili\u00e9 au 57 rue \u00c9tienne Richerand, 69003 Lyon.<\/p>\n<p>[\/vc_column_text][\/vc_column][\/vc_row][vc_row css=\u00a0\u00bb.vc_custom_1480660608661{margin-bottom: 70px !important;}\u00a0\u00bb][vc_column width=\u00a0\u00bb2\/3&Prime; offset=\u00a0\u00bbvc_col-lg-offset-2 vc_col-lg-8 vc_col-md-offset-0 vc_col-md-12&Prime;][vc_column_text css=\u00a0\u00bb\u00a0\u00bb]<\/p>\n<p style=\"color: #23232c; font-size: 22px; line-height: 34px; font-weight: 500;\"><strong>Produits<\/strong><\/p>\n<p>Les partitions vendues sont cr\u00e9\u00e9es par Mathieu Cot\u00e9. Les descriptions sont pr\u00e9cises.<\/p>\n<p>&nbsp;[\/vc_column_text][\/vc_column][\/vc_row][vc_row css=\u00a0\u00bb.vc_custom_1480660608661{margin-bottom: 70px !important;}\u00a0\u00bb][vc_column width=\u00a0\u00bb2\/3&Prime; offset=\u00a0\u00bbvc_col-lg-offset-2 vc_col-lg-8 vc_col-md-offset-0 vc_col-md-12&Prime;][vc_column_text css=\u00a0\u00bb\u00a0\u00bb]<\/p>\n<p style=\"color: #23232c; font-size: 22px; line-height: 34px; font-weight: 500;\"><strong>Prix<\/strong><\/p>\n<p style=\"font-size: 16px;\">Les prix sont indiqu\u00e9s en euros toutes taxes comprises (TTC) et peuvent changer sans pr\u00e9avis. Le prix factur\u00e9 est celui en vigueur lors de la commande.<\/p>\n<p>[\/vc_column_text][\/vc_column][\/vc_row][vc_row css=\u00a0\u00bb.vc_custom_1480660608661{margin-bottom: 70px !important;}\u00a0\u00bb][vc_column width=\u00a0\u00bb2\/3&Prime; offset=\u00a0\u00bbvc_col-lg-offset-2 vc_col-lg-8 vc_col-md-offset-0 vc_col-md-12&Prime;][vc_column_text css=\u00a0\u00bb\u00a0\u00bb]<\/p>\n<p style=\"color: #23232c; font-size: 22px; line-height: 34px; font-weight: 500;\"><strong>Commande et paiement<\/strong><\/p>\n<p style=\"font-size: 16px;\">La commande est valid\u00e9e apr\u00e8s paiement s\u00e9curis\u00e9 via Stripe.<\/p>\n<p>[\/vc_column_text][\/vc_column][\/vc_row][vc_row css=\u00a0\u00bb.vc_custom_1480660608661{margin-bottom: 70px !important;}\u00a0\u00bb][vc_column width=\u00a0\u00bb2\/3&Prime; offset=\u00a0\u00bbvc_col-lg-offset-2 vc_col-lg-8 vc_col-md-offset-0 vc_col-md-12&Prime;][vc_column_text css=\u00a0\u00bb\u00a0\u00bb]<\/p>\n<p style=\"color: #23232c; font-size: 22px; line-height: 34px; font-weight: 500;\">&nbsp;<strong>Livraison<\/strong><\/p>\n<p style=\"font-size: 16px;\">Les partitions sont des produits num\u00e9riques envoy\u00e9s par t\u00e9l\u00e9chargement ou email imm\u00e9diatement apr\u00e8s paiement.<\/p>\n<p>[\/vc_column_text][\/vc_column][\/vc_row][vc_row css=\u00a0\u00bb.vc_custom_1480660608661{margin-bottom: 70px !important;}\u00a0\u00bb][vc_column width=\u00a0\u00bb2\/3&Prime; offset=\u00a0\u00bbvc_col-lg-offset-2 vc_col-lg-8 vc_col-md-offset-0 vc_col-md-12&Prime;][vc_column_text css=\u00a0\u00bb\u00a0\u00bb]<\/p>\n<p style=\"color: #23232c; font-size: 22px; line-height: 34px; font-weight: 500;\"><strong>Droit de r\u00e9tractation<\/strong><\/p>\n<p style=\"font-size: 16px;\">Le droit de r\u00e9tractation ne s\u2019applique pas aux produits num\u00e9riques une fois t\u00e9l\u00e9charg\u00e9s.<\/p>\n<p>[\/vc_column_text][\/vc_column][\/vc_row][vc_row css=\u00a0\u00bb.vc_custom_1480660608661{margin-bottom: 70px !important;}\u00a0\u00bb][vc_column width=\u00a0\u00bb2\/3&Prime; offset=\u00a0\u00bbvc_col-lg-offset-2 vc_col-lg-8 vc_col-md-offset-0 vc_col-md-12&Prime;][vc_column_text css=\u00a0\u00bb\u00a0\u00bb]<\/p>\n<p style=\"color: #23232c; font-size: 22px; line-height: 34px; font-weight: 500;\"><strong>Responsabilit\u00e9<\/strong><\/p>\n<p style=\"font-size: 16px;\">Mathieu Cot\u00e9 ne peut \u00eatre tenu responsable des dommages indirects li\u00e9s \u00e0 l\u2019utilisation des partitions.<\/p>\n<p>[\/vc_column_text][\/vc_column][\/vc_row][vc_row css=\u00a0\u00bb.vc_custom_1480660608661{margin-bottom: 70px !important;}\u00a0\u00bb][vc_column width=\u00a0\u00bb2\/3&Prime; offset=\u00a0\u00bbvc_col-lg-offset-2 vc_col-lg-8 vc_col-md-offset-0 vc_col-md-12&Prime;][vc_column_text css=\u00a0\u00bb\u00a0\u00bb]<\/p>\n<p style=\"color: #23232c; font-size: 22px; line-height: 34px; font-weight: 500;\"><strong>Donn\u00e9es personnelles<\/strong><\/p>\n<p style=\"font-size: 16px;\">Les donn\u00e9es collect\u00e9es sont utilis\u00e9es uniquement pour traiter la commande. Voir la politique de confidentialit\u00e9.<\/p>\n<p>[\/vc_column_text][\/vc_column][\/vc_row][vc_row css=\u00a0\u00bb.vc_custom_1480660608661{margin-bottom: 70px !important;}\u00a0\u00bb][vc_column width=\u00a0\u00bb2\/3&Prime; offset=\u00a0\u00bbvc_col-lg-offset-2 vc_col-lg-8 vc_col-md-offset-0 vc_col-md-12&Prime;][vc_column_text css=\u00a0\u00bb\u00a0\u00bb]<\/p>\n<p style=\"color: #23232c; font-size: 22px; line-height: 34px; font-weight: 500;\"><strong>Litiges<\/strong><\/p>\n<p style=\"font-size: 16px;\">En cas de litige, une solution amiable sera recherch\u00e9e. \u00c0 d\u00e9faut, les tribunaux comp\u00e9tents sont ceux du lieu de r\u00e9sidence de l\u2019auto-entrepreneur.<\/p>\n<p>[\/vc_column_text][\/vc_column][\/vc_row]<\/p>\n<\/div>","protected":false},"excerpt":{"rendered":"<p>[vc_row css=\u00a0\u00bb.vc_custom_1480660608661{margin-bottom: 70px !important;}\u00a0\u00bb][vc_column width=\u00a0\u00bb2\/3&Prime; offset=\u00a0\u00bbvc_col-lg-offset-2 vc_col-lg-8 vc_col-md-offset-0 vc_col-md-12&Prime;][vc_column_text css=\u00a0\u00bb\u00a0\u00bb] \u00c9diteur Le site mathieucote.art est&hellip;<\/p>\n","protected":false},"author":1,"featured_media":0,"parent":0,"menu_order":0,"comment_status":"closed","ping_status":"closed","template":"","meta":{"footnotes":""},"class_list":["post-2797","page","type-page","status-publish","hentry"],"yoast_head":"<!-- This site is optimized with the Yoast SEO plugin v27.2 - https:\/\/yoast.com\/product\/yoast-seo-wordpress\/ -->\n<title>Conditions G\u00e9n\u00e9rales de Vente (CGV) - Mathieu Cot\u00e9<\/title>\n<meta name=\"robots\" content=\"index, follow, max-snippet:-1, max-image-preview:large, max-video-preview:-1\" \/>\n<link rel=\"canonical\" href=\"https:\/\/mathieucote.art\/index.php\/conditions-generales-de-vente-cgv\/\" \/>\n<meta property=\"og:locale\" content=\"fr_FR\" \/>\n<meta property=\"og:type\" content=\"article\" \/>\n<meta property=\"og:title\" content=\"Conditions G\u00e9n\u00e9rales de Vente (CGV) - Mathieu Cot\u00e9\" \/>\n<meta property=\"og:description\" content=\"[vc_row css=\u00a0\u00bb.vc_custom_1480660608661{margin-bottom: 70px !important;}\u00a0\u00bb][vc_column width=\u00a0\u00bb2\/3&Prime; offset=\u00a0\u00bbvc_col-lg-offset-2 vc_col-lg-8 vc_col-md-offset-0 vc_col-md-12&Prime;][vc_column_text css=\u00a0\u00bb\u00a0\u00bb] \u00c9diteur Le site mathieucote.art est&hellip;\" \/>\n<meta property=\"og:url\" content=\"https:\/\/mathieucote.art\/index.php\/conditions-generales-de-vente-cgv\/\" \/>\n<meta property=\"og:site_name\" content=\"Mathieu Cot\u00e9\" \/>\n<meta name=\"twitter:card\" content=\"summary_large_image\" \/>\n<meta name=\"twitter:label1\" content=\"Dur\u00e9e de lecture estim\u00e9e\" \/>\n\t<meta name=\"twitter:data1\" content=\"2 minutes\" \/>\n<script type=\"application\/ld+json\" class=\"yoast-schema-graph\">{\"@context\":\"https:\/\/schema.org\",\"@graph\":[{\"@type\":\"WebPage\",\"@id\":\"https:\/\/mathieucote.art\/index.php\/conditions-generales-de-vente-cgv\/\",\"url\":\"https:\/\/mathieucote.art\/index.php\/conditions-generales-de-vente-cgv\/\",\"name\":\"Conditions G\u00e9n\u00e9rales de Vente (CGV) - Mathieu Cot\u00e9\",\"isPartOf\":{\"@id\":\"https:\/\/mathieucote.art\/#website\"},\"datePublished\":\"2025-09-27T20:45:12+00:00\",\"breadcrumb\":{\"@id\":\"https:\/\/mathieucote.art\/index.php\/conditions-generales-de-vente-cgv\/#breadcrumb\"},\"inLanguage\":\"fr-FR\",\"potentialAction\":[{\"@type\":\"ReadAction\",\"target\":[\"https:\/\/mathieucote.art\/index.php\/conditions-generales-de-vente-cgv\/\"]}]},{\"@type\":\"BreadcrumbList\",\"@id\":\"https:\/\/mathieucote.art\/index.php\/conditions-generales-de-vente-cgv\/#breadcrumb\",\"itemListElement\":[{\"@type\":\"ListItem\",\"position\":1,\"name\":\"Accueil\",\"item\":\"https:\/\/mathieucote.art\/\"},{\"@type\":\"ListItem\",\"position\":2,\"name\":\"Conditions G\u00e9n\u00e9rales de Vente (CGV)\"}]},{\"@type\":\"WebSite\",\"@id\":\"https:\/\/mathieucote.art\/#website\",\"url\":\"https:\/\/mathieucote.art\/\",\"name\":\"Mathieu Cot\u00e9\",\"description\":\"Des notes pour r\u00eaver\",\"potentialAction\":[{\"@type\":\"SearchAction\",\"target\":{\"@type\":\"EntryPoint\",\"urlTemplate\":\"https:\/\/mathieucote.art\/?s={search_term_string}\"},\"query-input\":{\"@type\":\"PropertyValueSpecification\",\"valueRequired\":true,\"valueName\":\"search_term_string\"}}],\"inLanguage\":\"fr-FR\"}]}<\/script>\n<!-- \/ Yoast SEO plugin. -->","yoast_head_json":{"title":"Conditions G\u00e9n\u00e9rales de Vente (CGV) - Mathieu Cot\u00e9","robots":{"index":"index","follow":"follow","max-snippet":"max-snippet:-1","max-image-preview":"max-image-preview:large","max-video-preview":"max-video-preview:-1"},"canonical":"https:\/\/mathieucote.art\/index.php\/conditions-generales-de-vente-cgv\/","og_locale":"fr_FR","og_type":"article","og_title":"Conditions G\u00e9n\u00e9rales de Vente (CGV) - Mathieu Cot\u00e9","og_description":"[vc_row css=\u00a0\u00bb.vc_custom_1480660608661{margin-bottom: 70px !important;}\u00a0\u00bb][vc_column width=\u00a0\u00bb2\/3&Prime; offset=\u00a0\u00bbvc_col-lg-offset-2 vc_col-lg-8 vc_col-md-offset-0 vc_col-md-12&Prime;][vc_column_text css=\u00a0\u00bb\u00a0\u00bb] \u00c9diteur Le site mathieucote.art est&hellip;","og_url":"https:\/\/mathieucote.art\/index.php\/conditions-generales-de-vente-cgv\/","og_site_name":"Mathieu Cot\u00e9","twitter_card":"summary_large_image","twitter_misc":{"Dur\u00e9e de lecture estim\u00e9e":"2 minutes"},"schema":{"@context":"https:\/\/schema.org","@graph":[{"@type":"WebPage","@id":"https:\/\/mathieucote.art\/index.php\/conditions-generales-de-vente-cgv\/","url":"https:\/\/mathieucote.art\/index.php\/conditions-generales-de-vente-cgv\/","name":"Conditions G\u00e9n\u00e9rales de Vente (CGV) - Mathieu Cot\u00e9","isPartOf":{"@id":"https:\/\/mathieucote.art\/#website"},"datePublished":"2025-09-27T20:45:12+00:00","breadcrumb":{"@id":"https:\/\/mathieucote.art\/index.php\/conditions-generales-de-vente-cgv\/#breadcrumb"},"inLanguage":"fr-FR","potentialAction":[{"@type":"ReadAction","target":["https:\/\/mathieucote.art\/index.php\/conditions-generales-de-vente-cgv\/"]}]},{"@type":"BreadcrumbList","@id":"https:\/\/mathieucote.art\/index.php\/conditions-generales-de-vente-cgv\/#breadcrumb","itemListElement":[{"@type":"ListItem","position":1,"name":"Accueil","item":"https:\/\/mathieucote.art\/"},{"@type":"ListItem","position":2,"name":"Conditions G\u00e9n\u00e9rales de Vente (CGV)"}]},{"@type":"WebSite","@id":"https:\/\/mathieucote.art\/#website","url":"https:\/\/mathieucote.art\/","name":"Mathieu Cot\u00e9","description":"Des notes pour r\u00eaver","potentialAction":[{"@type":"SearchAction","target":{"@type":"EntryPoint","urlTemplate":"https:\/\/mathieucote.art\/?s={search_term_string}"},"query-input":{"@type":"PropertyValueSpecification","valueRequired":true,"valueName":"search_term_string"}}],"inLanguage":"fr-FR"}]}},"jetpack_sharing_enabled":true,"_links":{"self":[{"href":"https:\/\/mathieucote.art\/index.php\/wp-json\/wp\/v2\/pages\/2797","targetHints":{"allow":["GET"]}}],"collection":[{"href":"https:\/\/mathieucote.art\/index.php\/wp-json\/wp\/v2\/pages"}],"about":[{"href":"https:\/\/mathieucote.art\/index.php\/wp-json\/wp\/v2\/types\/page"}],"author":[{"embeddable":true,"href":"https:\/\/mathieucote.art\/index.php\/wp-json\/wp\/v2\/users\/1"}],"replies":[{"embeddable":true,"href":"https:\/\/mathieucote.art\/index.php\/wp-json\/wp\/v2\/comments?post=2797"}],"version-history":[{"count":1,"href":"https:\/\/mathieucote.art\/index.php\/wp-json\/wp\/v2\/pages\/2797\/revisions"}],"predecessor-version":[{"id":2800,"href":"https:\/\/mathieucote.art\/index.php\/wp-json\/wp\/v2\/pages\/2797\/revisions\/2800"}],"wp:attachment":[{"href":"https:\/\/mathieucote.art\/index.php\/wp-json\/wp\/v2\/media?parent=2797"}],"curies":[{"name":"wp","href":"https:\/\/api.w.org\/{rel}","templated":true}]}}